{"id":584,"date":"2022-03-30T11:38:41","date_gmt":"2022-03-30T09:38:41","guid":{"rendered":"https:\/\/fot-mk.pl\/?page_id=584"},"modified":"2022-06-22T09:22:57","modified_gmt":"2022-06-22T07:22:57","slug":"rodzinna-sesja-swiateczna-danusi-i-michala","status":"publish","type":"page","link":"https:\/\/fot-mk.pl\/index.php\/portfolio\/rodzinna-sesja-swiateczna-danusi-i-michala\/","title":{"rendered":"Rodzinna sesja \u015bwi\u0105teczna Danusi i Micha\u0142a"},"content":{"rendered":"\t\t<div data-elementor-type=\"wp-page\" data-elementor-id=\"584\" class=\"elementor elementor-584\">\n\t\t\t\t\t\t<section class=\"elementor-section elementor-top-section elementor-element elementor-element-956b1c5 elementor-section-boxed elementor-section-height-default elementor-section-height-default\" data-id=\"956b1c5\" data-element_type=\"section\" data-e-type=\"section\">\n\t\t\t\t\t\t<div class=\"elementor-container elementor-column-gap-default\">\n\t\t\t\t\t<div class=\"elementor-column elementor-col-100 elementor-top-column elementor-element elementor-element-857cf69\" data-id=\"857cf69\" data-element_type=\"column\" data-e-type=\"column\">\n\t\t\t<div class=\"elementor-widget-wrap elementor-element-populated\">\n\t\t\t\t\t\t<div class=\"elementor-element elementor-element-d424587 elementor-widget elementor-widget-qi_addons_for_elementor_image_gallery_pinterest\" data-id=\"d424587\" data-element_type=\"widget\" data-e-type=\"widget\" data-settings=\"{&quot;_animation&quot;:&quot;none&quot;}\" data-widget_type=\"qi_addons_for_elementor_image_gallery_pinterest.default\">\n\t\t\t\t<div class=\"elementor-widget-container\">\n\t\t\t\t\t<div class=\"qodef-shortcode qodef-m qodef-qi-image-gallery-pinterest qodef-qi-fslightbox-popup qodef-popup-gallery qodef-image--hover-zoom qodef-qi-grid qodef-layout--qi-masonry qodef-col-num--3 qodef-responsive--predefined\">\n\t<div class=\"qodef-grid-inner\">\n\t\t\t<div class=\"qodef-qi-grid-masonry-sizer\"><\/div>\n<div class=\"qodef-e qodef-image-wrapper qodef-grid-item\">\n\t<div class=\"qodef-e-inner\">\n\t\t\t\t\t<a class=\"qodef-popup-item\" itemprop=\"image\" href=\"https:\/\/fot-mk.pl\/wp-content\/uploads\/rodzinna-sesja-swiateczna-danusi-i-michala\/galeria\/IMG_3991.webp\" data-type=\"image\" data-fslightbox=\"gallery-689\">\n\t\t\t\t\t<img fetchpriority=\"high\" decoding=\"async\" width=\"1200\" height=\"800\" src=\"https:\/\/fot-mk.pl\/wp-content\/uploads\/rodzinna-sesja-swiateczna-danusi-i-michala\/galeria\/IMG_3991.webp\" class=\"attachment-full size-full\" alt=\"\" srcset=\"https:\/\/fot-mk.pl\/wp-content\/uploads\/rodzinna-sesja-swiateczna-danusi-i-michala\/galeria\/IMG_3991.webp 1200w, https:\/\/fot-mk.pl\/wp-content\/uploads\/rodzinna-sesja-swiateczna-danusi-i-michala\/galeria\/IMG_3991-300x200.webp 300w, https:\/\/fot-mk.pl\/wp-content\/uploads\/rodzinna-sesja-swiateczna-danusi-i-michala\/galeria\/IMG_3991-1024x683.webp 1024w, https:\/\/fot-mk.pl\/wp-content\/uploads\/rodzinna-sesja-swiateczna-danusi-i-michala\/galeria\/IMG_3991-768x512.webp 768w, https:\/\/fot-mk.pl\/wp-content\/uploads\/rodzinna-sesja-swiateczna-danusi-i-michala\/galeria\/IMG_3991-90x60.webp 90w, https:\/\/fot-mk.pl\/wp-content\/uploads\/rodzinna-sesja-swiateczna-danusi-i-michala\/galeria\/IMG_3991-420x280.webp 420w, https:\/\/fot-mk.pl\/wp-content\/uploads\/rodzinna-sesja-swiateczna-danusi-i-michala\/galeria\/IMG_3991-400x267.webp 400w, https:\/\/fot-mk.pl\/wp-content\/uploads\/rodzinna-sesja-swiateczna-danusi-i-michala\/galeria\/IMG_3991-1000x667.webp 1000w\" sizes=\"(max-width: 1200px) 100vw, 1200px\" \/>\t\t\t\t\t<\/a>\n\t\t\t<\/div>\n<\/div>\n<div class=\"qodef-e qodef-image-wrapper qodef-grid-item\">\n\t<div class=\"qodef-e-inner\">\n\t\t\t\t\t<a class=\"qodef-popup-item\" itemprop=\"image\" href=\"https:\/\/fot-mk.pl\/wp-content\/uploads\/rodzinna-sesja-swiateczna-danusi-i-michala\/galeria\/IMG_4007.webp\" data-type=\"image\" data-fslightbox=\"gallery-689\">\n\t\t\t\t\t<img decoding=\"async\" width=\"800\" height=\"1200\" src=\"https:\/\/fot-mk.pl\/wp-content\/uploads\/rodzinna-sesja-swiateczna-danusi-i-michala\/galeria\/IMG_4007.webp\" class=\"attachment-full size-full\" alt=\"\" srcset=\"https:\/\/fot-mk.pl\/wp-content\/uploads\/rodzinna-sesja-swiateczna-danusi-i-michala\/galeria\/IMG_4007.webp 800w, https:\/\/fot-mk.pl\/wp-content\/uploads\/rodzinna-sesja-swiateczna-danusi-i-michala\/galeria\/IMG_4007-200x300.webp 200w, https:\/\/fot-mk.pl\/wp-content\/uploads\/rodzinna-sesja-swiateczna-danusi-i-michala\/galeria\/IMG_4007-683x1024.webp 683w, https:\/\/fot-mk.pl\/wp-content\/uploads\/rodzinna-sesja-swiateczna-danusi-i-michala\/galeria\/IMG_4007-768x1152.webp 768w, https:\/\/fot-mk.pl\/wp-content\/uploads\/rodzinna-sesja-swiateczna-danusi-i-michala\/galeria\/IMG_4007-40x60.webp 40w, https:\/\/fot-mk.pl\/wp-content\/uploads\/rodzinna-sesja-swiateczna-danusi-i-michala\/galeria\/IMG_4007-267x400.webp 267w, https:\/\/fot-mk.pl\/wp-content\/uploads\/rodzinna-sesja-swiateczna-danusi-i-michala\/galeria\/IMG_4007-667x1000.webp 667w\" sizes=\"(max-width: 800px) 100vw, 800px\" \/>\t\t\t\t\t<\/a>\n\t\t\t<\/div>\n<\/div>\n<div class=\"qodef-e qodef-image-wrapper qodef-grid-item\">\n\t<div class=\"qodef-e-inner\">\n\t\t\t\t\t<a class=\"qodef-popup-item\" itemprop=\"image\" href=\"https:\/\/fot-mk.pl\/wp-content\/uploads\/rodzinna-sesja-swiateczna-danusi-i-michala\/galeria\/IMG_4025.webp\" data-type=\"image\" data-fslightbox=\"gallery-689\">\n\t\t\t\t\t<img decoding=\"async\" width=\"800\" height=\"1200\" src=\"https:\/\/fot-mk.pl\/wp-content\/uploads\/rodzinna-sesja-swiateczna-danusi-i-michala\/galeria\/IMG_4025.webp\" class=\"attachment-full size-full\" alt=\"\" srcset=\"https:\/\/fot-mk.pl\/wp-content\/uploads\/rodzinna-sesja-swiateczna-danusi-i-michala\/galeria\/IMG_4025.webp 800w, https:\/\/fot-mk.pl\/wp-content\/uploads\/rodzinna-sesja-swiateczna-danusi-i-michala\/galeria\/IMG_4025-200x300.webp 200w, https:\/\/fot-mk.pl\/wp-content\/uploads\/rodzinna-sesja-swiateczna-danusi-i-michala\/galeria\/IMG_4025-683x1024.webp 683w, https:\/\/fot-mk.pl\/wp-content\/uploads\/rodzinna-sesja-swiateczna-danusi-i-michala\/galeria\/IMG_4025-768x1152.webp 768w, https:\/\/fot-mk.pl\/wp-content\/uploads\/rodzinna-sesja-swiateczna-danusi-i-michala\/galeria\/IMG_4025-40x60.webp 40w, https:\/\/fot-mk.pl\/wp-content\/uploads\/rodzinna-sesja-swiateczna-danusi-i-michala\/galeria\/IMG_4025-267x400.webp 267w, https:\/\/fot-mk.pl\/wp-content\/uploads\/rodzinna-sesja-swiateczna-danusi-i-michala\/galeria\/IMG_4025-667x1000.webp 667w\" sizes=\"(max-width: 800px) 100vw, 800px\" \/>\t\t\t\t\t<\/a>\n\t\t\t<\/div>\n<\/div>\n<div class=\"qodef-e qodef-image-wrapper qodef-grid-item\">\n\t<div class=\"qodef-e-inner\">\n\t\t\t\t\t<a class=\"qodef-popup-item\" itemprop=\"image\" href=\"https:\/\/fot-mk.pl\/wp-content\/uploads\/rodzinna-sesja-swiateczna-danusi-i-michala\/galeria\/IMG_4036.webp\" data-type=\"image\" data-fslightbox=\"gallery-689\">\n\t\t\t\t\t<img loading=\"lazy\" decoding=\"async\" width=\"800\" height=\"1200\" src=\"https:\/\/fot-mk.pl\/wp-content\/uploads\/rodzinna-sesja-swiateczna-danusi-i-michala\/galeria\/IMG_4036.webp\" class=\"attachment-full size-full\" alt=\"\" srcset=\"https:\/\/fot-mk.pl\/wp-content\/uploads\/rodzinna-sesja-swiateczna-danusi-i-michala\/galeria\/IMG_4036.webp 800w, https:\/\/fot-mk.pl\/wp-content\/uploads\/rodzinna-sesja-swiateczna-danusi-i-michala\/galeria\/IMG_4036-200x300.webp 200w, https:\/\/fot-mk.pl\/wp-content\/uploads\/rodzinna-sesja-swiateczna-danusi-i-michala\/galeria\/IMG_4036-683x1024.webp 683w, https:\/\/fot-mk.pl\/wp-content\/uploads\/rodzinna-sesja-swiateczna-danusi-i-michala\/galeria\/IMG_4036-768x1152.webp 768w, https:\/\/fot-mk.pl\/wp-content\/uploads\/rodzinna-sesja-swiateczna-danusi-i-michala\/galeria\/IMG_4036-40x60.webp 40w, https:\/\/fot-mk.pl\/wp-content\/uploads\/rodzinna-sesja-swiateczna-danusi-i-michala\/galeria\/IMG_4036-267x400.webp 267w, https:\/\/fot-mk.pl\/wp-content\/uploads\/rodzinna-sesja-swiateczna-danusi-i-michala\/galeria\/IMG_4036-667x1000.webp 667w\" sizes=\"(max-width: 800px) 100vw, 800px\" \/>\t\t\t\t\t<\/a>\n\t\t\t<\/div>\n<\/div>\n<div class=\"qodef-e qodef-image-wrapper qodef-grid-item\">\n\t<div class=\"qodef-e-inner\">\n\t\t\t\t\t<a class=\"qodef-popup-item\" itemprop=\"image\" href=\"https:\/\/fot-mk.pl\/wp-content\/uploads\/rodzinna-sesja-swiateczna-danusi-i-michala\/galeria\/IMG_4040.webp\" data-type=\"image\" data-fslightbox=\"gallery-689\">\n\t\t\t\t\t<img loading=\"lazy\" decoding=\"async\" width=\"800\" height=\"1200\" src=\"https:\/\/fot-mk.pl\/wp-content\/uploads\/rodzinna-sesja-swiateczna-danusi-i-michala\/galeria\/IMG_4040.webp\" class=\"attachment-full size-full\" alt=\"\" srcset=\"https:\/\/fot-mk.pl\/wp-content\/uploads\/rodzinna-sesja-swiateczna-danusi-i-michala\/galeria\/IMG_4040.webp 800w, https:\/\/fot-mk.pl\/wp-content\/uploads\/rodzinna-sesja-swiateczna-danusi-i-michala\/galeria\/IMG_4040-200x300.webp 200w, https:\/\/fot-mk.pl\/wp-content\/uploads\/rodzinna-sesja-swiateczna-danusi-i-michala\/galeria\/IMG_4040-683x1024.webp 683w, https:\/\/fot-mk.pl\/wp-content\/uploads\/rodzinna-sesja-swiateczna-danusi-i-michala\/galeria\/IMG_4040-768x1152.webp 768w, https:\/\/fot-mk.pl\/wp-content\/uploads\/rodzinna-sesja-swiateczna-danusi-i-michala\/galeria\/IMG_4040-40x60.webp 40w, https:\/\/fot-mk.pl\/wp-content\/uploads\/rodzinna-sesja-swiateczna-danusi-i-michala\/galeria\/IMG_4040-267x400.webp 267w, https:\/\/fot-mk.pl\/wp-content\/uploads\/rodzinna-sesja-swiateczna-danusi-i-michala\/galeria\/IMG_4040-667x1000.webp 667w\" sizes=\"(max-width: 800px) 100vw, 800px\" \/>\t\t\t\t\t<\/a>\n\t\t\t<\/div>\n<\/div>\n<div class=\"qodef-e qodef-image-wrapper qodef-grid-item\">\n\t<div class=\"qodef-e-inner\">\n\t\t\t\t\t<a class=\"qodef-popup-item\" itemprop=\"image\" href=\"https:\/\/fot-mk.pl\/wp-content\/uploads\/rodzinna-sesja-swiateczna-danusi-i-michala\/galeria\/IMG_4043.webp\" data-type=\"image\" data-fslightbox=\"gallery-689\">\n\t\t\t\t\t<img loading=\"lazy\" decoding=\"async\" width=\"1200\" height=\"800\" src=\"https:\/\/fot-mk.pl\/wp-content\/uploads\/rodzinna-sesja-swiateczna-danusi-i-michala\/galeria\/IMG_4043.webp\" class=\"attachment-full size-full\" alt=\"\" srcset=\"https:\/\/fot-mk.pl\/wp-content\/uploads\/rodzinna-sesja-swiateczna-danusi-i-michala\/galeria\/IMG_4043.webp 1200w, https:\/\/fot-mk.pl\/wp-content\/uploads\/rodzinna-sesja-swiateczna-danusi-i-michala\/galeria\/IMG_4043-300x200.webp 300w, https:\/\/fot-mk.pl\/wp-content\/uploads\/rodzinna-sesja-swiateczna-danusi-i-michala\/galeria\/IMG_4043-1024x683.webp 1024w, https:\/\/fot-mk.pl\/wp-content\/uploads\/rodzinna-sesja-swiateczna-danusi-i-michala\/galeria\/IMG_4043-768x512.webp 768w, https:\/\/fot-mk.pl\/wp-content\/uploads\/rodzinna-sesja-swiateczna-danusi-i-michala\/galeria\/IMG_4043-90x60.webp 90w, https:\/\/fot-mk.pl\/wp-content\/uploads\/rodzinna-sesja-swiateczna-danusi-i-michala\/galeria\/IMG_4043-420x280.webp 420w, https:\/\/fot-mk.pl\/wp-content\/uploads\/rodzinna-sesja-swiateczna-danusi-i-michala\/galeria\/IMG_4043-400x267.webp 400w, https:\/\/fot-mk.pl\/wp-content\/uploads\/rodzinna-sesja-swiateczna-danusi-i-michala\/galeria\/IMG_4043-1000x667.webp 1000w\" sizes=\"(max-width: 1200px) 100vw, 1200px\" \/>\t\t\t\t\t<\/a>\n\t\t\t<\/div>\n<\/div>\n<div class=\"qodef-e qodef-image-wrapper qodef-grid-item\">\n\t<div class=\"qodef-e-inner\">\n\t\t\t\t\t<a class=\"qodef-popup-item\" itemprop=\"image\" href=\"https:\/\/fot-mk.pl\/wp-content\/uploads\/rodzinna-sesja-swiateczna-danusi-i-michala\/galeria\/IMG_4046.webp\" data-type=\"image\" data-fslightbox=\"gallery-689\">\n\t\t\t\t\t<img loading=\"lazy\" decoding=\"async\" width=\"800\" height=\"1200\" src=\"https:\/\/fot-mk.pl\/wp-content\/uploads\/rodzinna-sesja-swiateczna-danusi-i-michala\/galeria\/IMG_4046.webp\" class=\"attachment-full size-full\" alt=\"\" srcset=\"https:\/\/fot-mk.pl\/wp-content\/uploads\/rodzinna-sesja-swiateczna-danusi-i-michala\/galeria\/IMG_4046.webp 800w, https:\/\/fot-mk.pl\/wp-content\/uploads\/rodzinna-sesja-swiateczna-danusi-i-michala\/galeria\/IMG_4046-200x300.webp 200w, https:\/\/fot-mk.pl\/wp-content\/uploads\/rodzinna-sesja-swiateczna-danusi-i-michala\/galeria\/IMG_4046-683x1024.webp 683w, https:\/\/fot-mk.pl\/wp-content\/uploads\/rodzinna-sesja-swiateczna-danusi-i-michala\/galeria\/IMG_4046-768x1152.webp 768w, https:\/\/fot-mk.pl\/wp-content\/uploads\/rodzinna-sesja-swiateczna-danusi-i-michala\/galeria\/IMG_4046-40x60.webp 40w, https:\/\/fot-mk.pl\/wp-content\/uploads\/rodzinna-sesja-swiateczna-danusi-i-michala\/galeria\/IMG_4046-267x400.webp 267w, https:\/\/fot-mk.pl\/wp-content\/uploads\/rodzinna-sesja-swiateczna-danusi-i-michala\/galeria\/IMG_4046-667x1000.webp 667w\" sizes=\"(max-width: 800px) 100vw, 800px\" \/>\t\t\t\t\t<\/a>\n\t\t\t<\/div>\n<\/div>\n<div class=\"qodef-e qodef-image-wrapper qodef-grid-item\">\n\t<div class=\"qodef-e-inner\">\n\t\t\t\t\t<a class=\"qodef-popup-item\" itemprop=\"image\" href=\"https:\/\/fot-mk.pl\/wp-content\/uploads\/rodzinna-sesja-swiateczna-danusi-i-michala\/galeria\/IMG_4042.webp\" data-type=\"image\" data-fslightbox=\"gallery-689\">\n\t\t\t\t\t<img loading=\"lazy\" decoding=\"async\" width=\"800\" height=\"1200\" src=\"https:\/\/fot-mk.pl\/wp-content\/uploads\/rodzinna-sesja-swiateczna-danusi-i-michala\/galeria\/IMG_4042.webp\" class=\"attachment-full size-full\" alt=\"\" srcset=\"https:\/\/fot-mk.pl\/wp-content\/uploads\/rodzinna-sesja-swiateczna-danusi-i-michala\/galeria\/IMG_4042.webp 800w, https:\/\/fot-mk.pl\/wp-content\/uploads\/rodzinna-sesja-swiateczna-danusi-i-michala\/galeria\/IMG_4042-200x300.webp 200w, https:\/\/fot-mk.pl\/wp-content\/uploads\/rodzinna-sesja-swiateczna-danusi-i-michala\/galeria\/IMG_4042-683x1024.webp 683w, https:\/\/fot-mk.pl\/wp-content\/uploads\/rodzinna-sesja-swiateczna-danusi-i-michala\/galeria\/IMG_4042-768x1152.webp 768w, https:\/\/fot-mk.pl\/wp-content\/uploads\/rodzinna-sesja-swiateczna-danusi-i-michala\/galeria\/IMG_4042-40x60.webp 40w, https:\/\/fot-mk.pl\/wp-content\/uploads\/rodzinna-sesja-swiateczna-danusi-i-michala\/galeria\/IMG_4042-267x400.webp 267w, https:\/\/fot-mk.pl\/wp-content\/uploads\/rodzinna-sesja-swiateczna-danusi-i-michala\/galeria\/IMG_4042-667x1000.webp 667w\" sizes=\"(max-width: 800px) 100vw, 800px\" \/>\t\t\t\t\t<\/a>\n\t\t\t<\/div>\n<\/div>\n<div class=\"qodef-e qodef-image-wrapper qodef-grid-item\">\n\t<div class=\"qodef-e-inner\">\n\t\t\t\t\t<a class=\"qodef-popup-item\" itemprop=\"image\" href=\"https:\/\/fot-mk.pl\/wp-content\/uploads\/rodzinna-sesja-swiateczna-danusi-i-michala\/galeria\/IMG_3942.webp\" data-type=\"image\" data-fslightbox=\"gallery-689\">\n\t\t\t\t\t<img loading=\"lazy\" decoding=\"async\" width=\"800\" height=\"1200\" src=\"https:\/\/fot-mk.pl\/wp-content\/uploads\/rodzinna-sesja-swiateczna-danusi-i-michala\/galeria\/IMG_3942.webp\" class=\"attachment-full size-full\" alt=\"\" srcset=\"https:\/\/fot-mk.pl\/wp-content\/uploads\/rodzinna-sesja-swiateczna-danusi-i-michala\/galeria\/IMG_3942.webp 800w, https:\/\/fot-mk.pl\/wp-content\/uploads\/rodzinna-sesja-swiateczna-danusi-i-michala\/galeria\/IMG_3942-200x300.webp 200w, https:\/\/fot-mk.pl\/wp-content\/uploads\/rodzinna-sesja-swiateczna-danusi-i-michala\/galeria\/IMG_3942-683x1024.webp 683w, https:\/\/fot-mk.pl\/wp-content\/uploads\/rodzinna-sesja-swiateczna-danusi-i-michala\/galeria\/IMG_3942-768x1152.webp 768w, https:\/\/fot-mk.pl\/wp-content\/uploads\/rodzinna-sesja-swiateczna-danusi-i-michala\/galeria\/IMG_3942-40x60.webp 40w, https:\/\/fot-mk.pl\/wp-content\/uploads\/rodzinna-sesja-swiateczna-danusi-i-michala\/galeria\/IMG_3942-267x400.webp 267w, https:\/\/fot-mk.pl\/wp-content\/uploads\/rodzinna-sesja-swiateczna-danusi-i-michala\/galeria\/IMG_3942-667x1000.webp 667w\" sizes=\"(max-width: 800px) 100vw, 800px\" \/>\t\t\t\t\t<\/a>\n\t\t\t<\/div>\n<\/div>\n<div class=\"qodef-e qodef-image-wrapper qodef-grid-item\">\n\t<div class=\"qodef-e-inner\">\n\t\t\t\t\t<a class=\"qodef-popup-item\" itemprop=\"image\" href=\"https:\/\/fot-mk.pl\/wp-content\/uploads\/rodzinna-sesja-swiateczna-danusi-i-michala\/galeria\/IMG_4088.webp\" data-type=\"image\" data-fslightbox=\"gallery-689\">\n\t\t\t\t\t<img loading=\"lazy\" decoding=\"async\" width=\"800\" height=\"1200\" src=\"https:\/\/fot-mk.pl\/wp-content\/uploads\/rodzinna-sesja-swiateczna-danusi-i-michala\/galeria\/IMG_4088.webp\" class=\"attachment-full size-full\" alt=\"\" srcset=\"https:\/\/fot-mk.pl\/wp-content\/uploads\/rodzinna-sesja-swiateczna-danusi-i-michala\/galeria\/IMG_4088.webp 800w, https:\/\/fot-mk.pl\/wp-content\/uploads\/rodzinna-sesja-swiateczna-danusi-i-michala\/galeria\/IMG_4088-200x300.webp 200w, https:\/\/fot-mk.pl\/wp-content\/uploads\/rodzinna-sesja-swiateczna-danusi-i-michala\/galeria\/IMG_4088-683x1024.webp 683w, https:\/\/fot-mk.pl\/wp-content\/uploads\/rodzinna-sesja-swiateczna-danusi-i-michala\/galeria\/IMG_4088-768x1152.webp 768w, https:\/\/fot-mk.pl\/wp-content\/uploads\/rodzinna-sesja-swiateczna-danusi-i-michala\/galeria\/IMG_4088-40x60.webp 40w, https:\/\/fot-mk.pl\/wp-content\/uploads\/rodzinna-sesja-swiateczna-danusi-i-michala\/galeria\/IMG_4088-267x400.webp 267w, https:\/\/fot-mk.pl\/wp-content\/uploads\/rodzinna-sesja-swiateczna-danusi-i-michala\/galeria\/IMG_4088-667x1000.webp 667w\" sizes=\"(max-width: 800px) 100vw, 800px\" \/>\t\t\t\t\t<\/a>\n\t\t\t<\/div>\n<\/div>\n<div class=\"qodef-e qodef-image-wrapper qodef-grid-item\">\n\t<div class=\"qodef-e-inner\">\n\t\t\t\t\t<a class=\"qodef-popup-item\" itemprop=\"image\" href=\"https:\/\/fot-mk.pl\/wp-content\/uploads\/rodzinna-sesja-swiateczna-danusi-i-michala\/galeria\/IMG_4087.webp\" data-type=\"image\" data-fslightbox=\"gallery-689\">\n\t\t\t\t\t<img loading=\"lazy\" decoding=\"async\" width=\"800\" height=\"1200\" src=\"https:\/\/fot-mk.pl\/wp-content\/uploads\/rodzinna-sesja-swiateczna-danusi-i-michala\/galeria\/IMG_4087.webp\" class=\"attachment-full size-full\" alt=\"\" srcset=\"https:\/\/fot-mk.pl\/wp-content\/uploads\/rodzinna-sesja-swiateczna-danusi-i-michala\/galeria\/IMG_4087.webp 800w, https:\/\/fot-mk.pl\/wp-content\/uploads\/rodzinna-sesja-swiateczna-danusi-i-michala\/galeria\/IMG_4087-200x300.webp 200w, https:\/\/fot-mk.pl\/wp-content\/uploads\/rodzinna-sesja-swiateczna-danusi-i-michala\/galeria\/IMG_4087-683x1024.webp 683w, https:\/\/fot-mk.pl\/wp-content\/uploads\/rodzinna-sesja-swiateczna-danusi-i-michala\/galeria\/IMG_4087-768x1152.webp 768w, https:\/\/fot-mk.pl\/wp-content\/uploads\/rodzinna-sesja-swiateczna-danusi-i-michala\/galeria\/IMG_4087-40x60.webp 40w, https:\/\/fot-mk.pl\/wp-content\/uploads\/rodzinna-sesja-swiateczna-danusi-i-michala\/galeria\/IMG_4087-267x400.webp 267w, https:\/\/fot-mk.pl\/wp-content\/uploads\/rodzinna-sesja-swiateczna-danusi-i-michala\/galeria\/IMG_4087-667x1000.webp 667w\" sizes=\"(max-width: 800px) 100vw, 800px\" \/>\t\t\t\t\t<\/a>\n\t\t\t<\/div>\n<\/div>\n<div class=\"qodef-e qodef-image-wrapper qodef-grid-item\">\n\t<div class=\"qodef-e-inner\">\n\t\t\t\t\t<a class=\"qodef-popup-item\" itemprop=\"image\" href=\"https:\/\/fot-mk.pl\/wp-content\/uploads\/rodzinna-sesja-swiateczna-danusi-i-michala\/galeria\/IMG_4072.webp\" data-type=\"image\" data-fslightbox=\"gallery-689\">\n\t\t\t\t\t<img loading=\"lazy\" decoding=\"async\" width=\"800\" height=\"1200\" src=\"https:\/\/fot-mk.pl\/wp-content\/uploads\/rodzinna-sesja-swiateczna-danusi-i-michala\/galeria\/IMG_4072.webp\" class=\"attachment-full size-full\" alt=\"\" srcset=\"https:\/\/fot-mk.pl\/wp-content\/uploads\/rodzinna-sesja-swiateczna-danusi-i-michala\/galeria\/IMG_4072.webp 800w, https:\/\/fot-mk.pl\/wp-content\/uploads\/rodzinna-sesja-swiateczna-danusi-i-michala\/galeria\/IMG_4072-200x300.webp 200w, https:\/\/fot-mk.pl\/wp-content\/uploads\/rodzinna-sesja-swiateczna-danusi-i-michala\/galeria\/IMG_4072-683x1024.webp 683w, https:\/\/fot-mk.pl\/wp-content\/uploads\/rodzinna-sesja-swiateczna-danusi-i-michala\/galeria\/IMG_4072-768x1152.webp 768w, https:\/\/fot-mk.pl\/wp-content\/uploads\/rodzinna-sesja-swiateczna-danusi-i-michala\/galeria\/IMG_4072-40x60.webp 40w, https:\/\/fot-mk.pl\/wp-content\/uploads\/rodzinna-sesja-swiateczna-danusi-i-michala\/galeria\/IMG_4072-267x400.webp 267w, https:\/\/fot-mk.pl\/wp-content\/uploads\/rodzinna-sesja-swiateczna-danusi-i-michala\/galeria\/IMG_4072-667x1000.webp 667w\" sizes=\"(max-width: 800px) 100vw, 800px\" \/>\t\t\t\t\t<\/a>\n\t\t\t<\/div>\n<\/div>\n<div class=\"qodef-e qodef-image-wrapper qodef-grid-item\">\n\t<div class=\"qodef-e-inner\">\n\t\t\t\t\t<a class=\"qodef-popup-item\" itemprop=\"image\" href=\"https:\/\/fot-mk.pl\/wp-content\/uploads\/rodzinna-sesja-swiateczna-danusi-i-michala\/galeria\/IMG_4104.webp\" data-type=\"image\" data-fslightbox=\"gallery-689\">\n\t\t\t\t\t<img loading=\"lazy\" decoding=\"async\" width=\"1200\" height=\"800\" src=\"https:\/\/fot-mk.pl\/wp-content\/uploads\/rodzinna-sesja-swiateczna-danusi-i-michala\/galeria\/IMG_4104.webp\" class=\"attachment-full size-full\" alt=\"\" srcset=\"https:\/\/fot-mk.pl\/wp-content\/uploads\/rodzinna-sesja-swiateczna-danusi-i-michala\/galeria\/IMG_4104.webp 1200w, https:\/\/fot-mk.pl\/wp-content\/uploads\/rodzinna-sesja-swiateczna-danusi-i-michala\/galeria\/IMG_4104-300x200.webp 300w, https:\/\/fot-mk.pl\/wp-content\/uploads\/rodzinna-sesja-swiateczna-danusi-i-michala\/galeria\/IMG_4104-1024x683.webp 1024w, https:\/\/fot-mk.pl\/wp-content\/uploads\/rodzinna-sesja-swiateczna-danusi-i-michala\/galeria\/IMG_4104-768x512.webp 768w, https:\/\/fot-mk.pl\/wp-content\/uploads\/rodzinna-sesja-swiateczna-danusi-i-michala\/galeria\/IMG_4104-90x60.webp 90w, https:\/\/fot-mk.pl\/wp-content\/uploads\/rodzinna-sesja-swiateczna-danusi-i-michala\/galeria\/IMG_4104-420x280.webp 420w, https:\/\/fot-mk.pl\/wp-content\/uploads\/rodzinna-sesja-swiateczna-danusi-i-michala\/galeria\/IMG_4104-400x267.webp 400w, https:\/\/fot-mk.pl\/wp-content\/uploads\/rodzinna-sesja-swiateczna-danusi-i-michala\/galeria\/IMG_4104-1000x667.webp 1000w\" sizes=\"(max-width: 1200px) 100vw, 1200px\" \/>\t\t\t\t\t<\/a>\n\t\t\t<\/div>\n<\/div>\n\t<\/div>\n<\/div>\n\t\t\t\t<\/div>\n\t\t\t\t<\/div>\n\t\t\t\t\t<\/div>\n\t\t<\/div>\n\t\t\t\t\t<\/div>\n\t\t<\/section>\n\t\t\t\t<\/div>\n\t\t","protected":false},"excerpt":{"rendered":"","protected":false},"author":1,"featured_media":0,"parent":2,"menu_order":0,"comment_status":"closed","ping_status":"closed","template":"","meta":{"footnotes":""},"class_list":["post-584","page","type-page","status-publish","hentry","latest_post"],"aioseo_notices":[],"_links":{"self":[{"href":"https:\/\/fot-mk.pl\/index.php\/wp-json\/wp\/v2\/pages\/584","targetHints":{"allow":["GET"]}}],"collection":[{"href":"https:\/\/fot-mk.pl\/index.php\/wp-json\/wp\/v2\/pages"}],"about":[{"href":"https:\/\/fot-mk.pl\/index.php\/wp-json\/wp\/v2\/types\/page"}],"author":[{"embeddable":true,"href":"https:\/\/fot-mk.pl\/index.php\/wp-json\/wp\/v2\/users\/1"}],"replies":[{"embeddable":true,"href":"https:\/\/fot-mk.pl\/index.php\/wp-json\/wp\/v2\/comments?post=584"}],"version-history":[{"count":7,"href":"https:\/\/fot-mk.pl\/index.php\/wp-json\/wp\/v2\/pages\/584\/revisions"}],"predecessor-version":[{"id":2570,"href":"https:\/\/fot-mk.pl\/index.php\/wp-json\/wp\/v2\/pages\/584\/revisions\/2570"}],"up":[{"embeddable":true,"href":"https:\/\/fot-mk.pl\/index.php\/wp-json\/wp\/v2\/pages\/2"}],"wp:attachment":[{"href":"https:\/\/fot-mk.pl\/index.php\/wp-json\/wp\/v2\/media?parent=584"}],"curies":[{"name":"wp","href":"https:\/\/api.w.org\/{rel}","templated":true}]}}