{"id":4828,"date":"2023-03-12T12:48:46","date_gmt":"2023-03-12T11:48:46","guid":{"rendered":"https:\/\/fot-mk.pl\/?page_id=4828"},"modified":"2023-03-12T12:56:50","modified_gmt":"2023-03-12T11:56:50","slug":"partnerzy","status":"publish","type":"page","link":"https:\/\/fot-mk.pl\/index.php\/partnerzy\/","title":{"rendered":"Partnerzy"},"content":{"rendered":"\t\t<div data-elementor-type=\"wp-page\" data-elementor-id=\"4828\" class=\"elementor elementor-4828\">\n\t\t\t\t\t\t<section class=\"elementor-section elementor-top-section elementor-element elementor-element-05781bd elementor-section-boxed elementor-section-height-default elementor-section-height-default\" data-id=\"05781bd\" data-element_type=\"section\" data-e-type=\"section\">\n\t\t\t\t\t\t<div class=\"elementor-container elementor-column-gap-default\">\n\t\t\t\t\t<div class=\"elementor-column elementor-col-100 elementor-top-column elementor-element elementor-element-9936107\" data-id=\"9936107\" data-element_type=\"column\" data-e-type=\"column\">\n\t\t\t<div class=\"elementor-widget-wrap elementor-element-populated\">\n\t\t\t\t\t\t<div class=\"elementor-element elementor-element-e1cb45c elementor-widget elementor-widget-html\" data-id=\"e1cb45c\" data-element_type=\"widget\" data-e-type=\"widget\" data-widget_type=\"html.default\">\n\t\t\t\t<div class=\"elementor-widget-container\">\n\t\t\t\t\t <a href=\"https:\/\/www.weselezklasa.pl\/ogloszenia-weselne\/fot_mk-k-mlynarczykfotografia-okolicznosciowaslubn,54657\/\" target=\"_blank\" title=\"Fot_MK K. M\u0142ynarczyk.Fotografia okoliczno\u015bciowa,\u015blubna,sesjeplenerowe\"><img decoding=\"async\" src=\"https:\/\/www.weselezklasa.pl\/banery\/Weselezklasa\/ogloszenie970x90_1.gif\" alt=\"Fot_MK K. M\u0142ynarczyk.Fotografia okoliczno\u015bciowa,\u015blubna,sesjeplenerowe\" border=\"0\" \/><\/a>\n\t\t\t\t<\/div>\n\t\t\t\t<\/div>\n\t\t\t\t\t<\/div>\n\t\t<\/div>\n\t\t\t\t\t<\/div>\n\t\t<\/section>\n\t\t\t\t<\/div>\n\t\t","protected":false},"excerpt":{"rendered":"","protected":false},"author":1,"featured_media":0,"parent":0,"menu_order":0,"comment_status":"closed","ping_status":"closed","template":"","meta":{"footnotes":""},"class_list":["post-4828","page","type-page","status-publish","hentry","latest_post"],"aioseo_notices":[],"_links":{"self":[{"href":"https:\/\/fot-mk.pl\/index.php\/wp-json\/wp\/v2\/pages\/4828","targetHints":{"allow":["GET"]}}],"collection":[{"href":"https:\/\/fot-mk.pl\/index.php\/wp-json\/wp\/v2\/pages"}],"about":[{"href":"https:\/\/fot-mk.pl\/index.php\/wp-json\/wp\/v2\/types\/page"}],"author":[{"embeddable":true,"href":"https:\/\/fot-mk.pl\/index.php\/wp-json\/wp\/v2\/users\/1"}],"replies":[{"embeddable":true,"href":"https:\/\/fot-mk.pl\/index.php\/wp-json\/wp\/v2\/comments?post=4828"}],"version-history":[{"count":19,"href":"https:\/\/fot-mk.pl\/index.php\/wp-json\/wp\/v2\/pages\/4828\/revisions"}],"predecessor-version":[{"id":4861,"href":"https:\/\/fot-mk.pl\/index.php\/wp-json\/wp\/v2\/pages\/4828\/revisions\/4861"}],"wp:attachment":[{"href":"https:\/\/fot-mk.pl\/index.php\/wp-json\/wp\/v2\/media?parent=4828"}],"curies":[{"name":"wp","href":"https:\/\/api.w.org\/{rel}","templated":true}]}}