{"id":4763,"date":"2023-02-18T10:03:49","date_gmt":"2023-02-18T09:03:49","guid":{"rendered":"https:\/\/fot-mk.pl\/?page_id=4763"},"modified":"2024-10-01T09:04:53","modified_gmt":"2024-10-01T07:04:53","slug":"reportaz-slubny","status":"publish","type":"page","link":"https:\/\/fot-mk.pl\/index.php\/oferta\/reportaz-slubny\/","title":{"rendered":"Reporta\u017c \u015blubny"},"content":{"rendered":"\t\t<div data-elementor-type=\"wp-page\" data-elementor-id=\"4763\" class=\"elementor elementor-4763\">\n\t\t\t\t\t\t<section class=\"elementor-section elementor-top-section elementor-element elementor-element-dd70d8e elementor-section-boxed elementor-section-height-default elementor-section-height-default\" data-id=\"dd70d8e\" data-element_type=\"section\" data-e-type=\"section\">\n\t\t\t\t\t\t<div class=\"elementor-container elementor-column-gap-default\">\n\t\t\t\t\t<div class=\"elementor-column elementor-col-100 elementor-top-column elementor-element elementor-element-2e4c369\" data-id=\"2e4c369\" data-element_type=\"column\" data-e-type=\"column\">\n\t\t\t<div class=\"elementor-widget-wrap elementor-element-populated\">\n\t\t\t\t\t\t<div class=\"elementor-element elementor-element-c057457 elementor-widget elementor-widget-heading\" data-id=\"c057457\" data-element_type=\"widget\" data-e-type=\"widget\" data-widget_type=\"heading.default\">\n\t\t\t\t<div class=\"elementor-widget-container\">\n\t\t\t\t\t<h2 class=\"elementor-heading-title elementor-size-default\">Reporta\u017c \u015blubny<\/h2>\t\t\t\t<\/div>\n\t\t\t\t<\/div>\n\t\t\t\t\t<\/div>\n\t\t<\/div>\n\t\t\t\t\t<\/div>\n\t\t<\/section>\n\t\t\t\t<section class=\"elementor-section elementor-top-section elementor-element elementor-element-c671168 elementor-section-boxed elementor-section-height-default elementor-section-height-default\" data-id=\"c671168\" data-element_type=\"section\" data-e-type=\"section\">\n\t\t\t\t\t\t<div class=\"elementor-container elementor-column-gap-custom\">\n\t\t\t\t\t<div class=\"elementor-column elementor-col-100 elementor-top-column elementor-element elementor-element-e7522c1\" data-id=\"e7522c1\" data-element_type=\"column\" data-e-type=\"column\">\n\t\t\t<div class=\"elementor-widget-wrap elementor-element-populated\">\n\t\t\t\t\t\t<div class=\"elementor-element elementor-element-12fa709 elementor-widget elementor-widget-heading\" data-id=\"12fa709\" data-element_type=\"widget\" data-e-type=\"widget\" data-widget_type=\"heading.default\">\n\t\t\t\t<div class=\"elementor-widget-container\">\n\t\t\t\t\t<h5 class=\"elementor-heading-title elementor-size-large\"><div><div><div><div><main><article><div><div data-elementor-type=\"wp-page\" data-elementor-id=\"4763\" data-elementor-title=\"Strona\"><div><section data-id=\"c671168\" data-element_type=\"section\" data-model-cid=\"c39\"><div><div data-id=\"e7522c1\" data-element_type=\"column\" data-model-cid=\"c40\" data-col=\"100\"><div><div data-id=\"12fa709\" data-element_type=\"widget\" data-model-cid=\"c41\" data-widget_type=\"heading.default\"><div><h5 data-elementor-setting-key=\"title\" data-pen-placeholder=\"Pisz tutaj...\"><h5 data-elementor-setting-key=\"title\" data-pen-placeholder=\"Pisz tutaj...\">Cena reporta\u017cu \u015blubnego ustalana jest indywidualnie.<\/h5><\/h5><\/div><\/div><\/div><\/div><\/div><\/section><\/div><\/div><\/div><\/article><\/main><\/div><\/div><\/div><\/div>Oferta \u015blubna obejmuje:<br>\n- reporta\u017c \u015blubny (od przygotowa\u0144 do oczepin)<br>\n- sesj\u0119 plenerow\u0105<br><br>\nDo ka\u017cdego przedstawionego pakietu - sesja narzecze\u0144ska GRATIS!!!<br><br> Zapraszam do kontaktu.<\/h5>\t\t\t\t<\/div>\n\t\t\t\t<\/div>\n\t\t\t\t\t<\/div>\n\t\t<\/div>\n\t\t\t\t\t<\/div>\n\t\t<\/section>\n\t\t\t\t<\/div>\n\t\t","protected":false},"excerpt":{"rendered":"<p>Reporta\u017c \u015blubny Cena reporta\u017cu \u015blubnego ustalana jest indywidualnie. Oferta \u015blubna obejmuje: &#8211; reporta\u017c \u015blubny (od przygotowa\u0144 do oczepin) &#8211; sesj\u0119 plenerow\u0105 Do ka\u017cdego przedstawionego pakietu &hellip; <\/p>\n","protected":false},"author":1,"featured_media":0,"parent":22,"menu_order":0,"comment_status":"closed","ping_status":"closed","template":"","meta":{"footnotes":""},"class_list":["post-4763","page","type-page","status-publish","hentry","latest_post"],"aioseo_notices":[],"_links":{"self":[{"href":"https:\/\/fot-mk.pl\/index.php\/wp-json\/wp\/v2\/pages\/4763","targetHints":{"allow":["GET"]}}],"collection":[{"href":"https:\/\/fot-mk.pl\/index.php\/wp-json\/wp\/v2\/pages"}],"about":[{"href":"https:\/\/fot-mk.pl\/index.php\/wp-json\/wp\/v2\/types\/page"}],"author":[{"embeddable":true,"href":"https:\/\/fot-mk.pl\/index.php\/wp-json\/wp\/v2\/users\/1"}],"replies":[{"embeddable":true,"href":"https:\/\/fot-mk.pl\/index.php\/wp-json\/wp\/v2\/comments?post=4763"}],"version-history":[{"count":38,"href":"https:\/\/fot-mk.pl\/index.php\/wp-json\/wp\/v2\/pages\/4763\/revisions"}],"predecessor-version":[{"id":11867,"href":"https:\/\/fot-mk.pl\/index.php\/wp-json\/wp\/v2\/pages\/4763\/revisions\/11867"}],"up":[{"embeddable":true,"href":"https:\/\/fot-mk.pl\/index.php\/wp-json\/wp\/v2\/pages\/22"}],"wp:attachment":[{"href":"https:\/\/fot-mk.pl\/index.php\/wp-json\/wp\/v2\/media?parent=4763"}],"curies":[{"name":"wp","href":"https:\/\/api.w.org\/{rel}","templated":true}]}}