{"id":385,"date":"2022-03-27T22:30:20","date_gmt":"2022-03-27T20:30:20","guid":{"rendered":"https:\/\/fot-mk.pl\/?page_id=385"},"modified":"2024-10-01T09:07:55","modified_gmt":"2024-10-01T07:07:55","slug":"sesja-slubna-w-plenerze","status":"publish","type":"page","link":"https:\/\/fot-mk.pl\/index.php\/oferta\/sesja-slubna-w-plenerze\/","title":{"rendered":"Sesja \u015blubna w plenerze"},"content":{"rendered":"\t\t<div data-elementor-type=\"wp-page\" data-elementor-id=\"385\" class=\"elementor elementor-385\">\n\t\t\t\t\t\t<section class=\"elementor-section elementor-top-section elementor-element elementor-element-83d4209 elementor-section-boxed elementor-section-height-default elementor-section-height-default\" data-id=\"83d4209\" data-element_type=\"section\" data-e-type=\"section\">\n\t\t\t\t\t\t<div class=\"elementor-container elementor-column-gap-default\">\n\t\t\t\t\t<div class=\"elementor-column elementor-col-100 elementor-top-column elementor-element elementor-element-4c66b78\" data-id=\"4c66b78\" data-element_type=\"column\" data-e-type=\"column\">\n\t\t\t<div class=\"elementor-widget-wrap elementor-element-populated\">\n\t\t\t\t\t\t<div class=\"elementor-element elementor-element-91e0dcf elementor-widget elementor-widget-heading\" data-id=\"91e0dcf\" data-element_type=\"widget\" data-e-type=\"widget\" data-widget_type=\"heading.default\">\n\t\t\t\t<div class=\"elementor-widget-container\">\n\t\t\t\t\t<h2 class=\"elementor-heading-title elementor-size-default\">Sesja \u015blubna w plenerze<\/h2>\t\t\t\t<\/div>\n\t\t\t\t<\/div>\n\t\t\t\t\t<\/div>\n\t\t<\/div>\n\t\t\t\t\t<\/div>\n\t\t<\/section>\n\t\t\t\t<section class=\"elementor-section elementor-top-section elementor-element elementor-element-ed6e281 elementor-section-boxed elementor-section-height-default elementor-section-height-default\" data-id=\"ed6e281\" data-element_type=\"section\" data-e-type=\"section\">\n\t\t\t\t\t\t<div class=\"elementor-container elementor-column-gap-default\">\n\t\t\t\t\t<div class=\"elementor-column elementor-col-100 elementor-top-column elementor-element elementor-element-bfc4565\" data-id=\"bfc4565\" data-element_type=\"column\" data-e-type=\"column\">\n\t\t\t<div class=\"elementor-widget-wrap elementor-element-populated\">\n\t\t\t\t\t\t<section class=\"elementor-section elementor-inner-section elementor-element elementor-element-c6e34e4 elementor-section-boxed elementor-section-height-default elementor-section-height-default\" data-id=\"c6e34e4\" data-element_type=\"section\" data-e-type=\"section\">\n\t\t\t\t\t\t<div class=\"elementor-container elementor-column-gap-default\">\n\t\t\t\t\t<div class=\"elementor-column elementor-col-50 elementor-inner-column elementor-element elementor-element-a0b3fe5\" data-id=\"a0b3fe5\" data-element_type=\"column\" data-e-type=\"column\">\n\t\t\t<div class=\"elementor-widget-wrap elementor-element-populated\">\n\t\t\t\t\t\t<div class=\"elementor-element elementor-element-966a639 elementor-widget elementor-widget-qi_addons_for_elementor_pricing_table\" data-id=\"966a639\" data-element_type=\"widget\" data-e-type=\"widget\" data-widget_type=\"qi_addons_for_elementor_pricing_table.default\">\n\t\t\t\t<div class=\"elementor-widget-container\">\n\t\t\t\t\t<div class=\"qodef-shortcode qodef-m qodef-qi-pricing-table qodef-layout--standard qodef-status--regular qodef-list-style--inside qodef-list-type--unordered qodef-label-type--ribbon qodef-period--side\">\n\t<div class=\"qodef-m-inner\">\n\t\t\t<h4 class=\"qodef-m-title\">\n\t\tPakiet I\t<\/h4>\n\t\t\t<div class=\"qodef-m-price\">\n\t\t<div class=\"qodef-m-price-wrapper qodef-h1\">\n\t\t\t\t\t\t\t<span class=\"qodef-m-price-currency\">z\u0142<\/span>\n\t\t\t\t\t\t<span class=\"qodef-m-price-value\">600<\/span>\n\t\t<\/div>\n\t\t\t<\/div>\n\t\t\t\t\t<ul class=\"qodef-m-content\">\n\t\t\t\t\t<li class=\"qodef-e-item\">\n\t\t\t\t\t\t\t\t\t<span class=\"qodef-e-icon\"><\/span>\n\t\t\t\t\t\t\t\t<span class=\"qodef-e-text\">20 zdj\u0119\u0107 w formie elektronicznej<\/span>\n\t\t\t<\/li>\n\t\t\t\t\t<li class=\"qodef-e-item\">\n\t\t\t\t\t\t\t\t\t<span class=\"qodef-e-icon\"><\/span>\n\t\t\t\t\t\t\t\t<span class=\"qodef-e-text\">10 wybranych zdj\u0119\u0107 w formacie 15\u00d723*<\/span>\n\t\t\t<\/li>\n\t\t\t\t\t<li class=\"qodef-e-item\">\n\t\t\t\t\t\t\t\t\t<span class=\"qodef-e-icon\"><\/span>\n\t\t\t\t\t\t\t\t<span class=\"qodef-e-text\">Ka\u017cde kolejne uj\u0119cie 40z\u0142<\/span>\n\t\t\t<\/li>\n\t\t\t<\/ul>\n\t\t\t\t\t<\/div>\n<\/div>\n\t\t\t\t<\/div>\n\t\t\t\t<\/div>\n\t\t\t\t<div class=\"elementor-element elementor-element-8631080 elementor-widget elementor-widget-qi_addons_for_elementor_pricing_table\" data-id=\"8631080\" data-element_type=\"widget\" data-e-type=\"widget\" data-widget_type=\"qi_addons_for_elementor_pricing_table.default\">\n\t\t\t\t<div class=\"elementor-widget-container\">\n\t\t\t\t\t<div class=\"qodef-shortcode qodef-m qodef-qi-pricing-table qodef-layout--standard qodef-status--regular qodef-list-style--inside qodef-list-type--unordered qodef-label-type--ribbon qodef-period--side\">\n\t<div class=\"qodef-m-inner\">\n\t\t\t<h4 class=\"qodef-m-title\">\n\t\tPakiet II\t<\/h4>\n\t\t\t<div class=\"qodef-m-price\">\n\t\t<div class=\"qodef-m-price-wrapper qodef-h1\">\n\t\t\t\t\t\t\t<span class=\"qodef-m-price-currency\">z\u0142<\/span>\n\t\t\t\t\t\t<span class=\"qodef-m-price-value\">750<\/span>\n\t\t<\/div>\n\t\t\t<\/div>\n\t\t\t\t\t<ul class=\"qodef-m-content\">\n\t\t\t\t\t<li class=\"qodef-e-item\">\n\t\t\t\t\t\t\t\t\t<span class=\"qodef-e-icon\"><\/span>\n\t\t\t\t\t\t\t\t<span class=\"qodef-e-text\">25 zdj\u0119\u0107 w formie elektronicznej<\/span>\n\t\t\t<\/li>\n\t\t\t\t\t<li class=\"qodef-e-item\">\n\t\t\t\t\t\t\t\t\t<span class=\"qodef-e-icon\"><\/span>\n\t\t\t\t\t\t\t\t<span class=\"qodef-e-text\">15 wybranych zdj\u0119\u0107 w formacie 15\u00d723*<\/span>\n\t\t\t<\/li>\n\t\t\t\t\t<li class=\"qodef-e-item\">\n\t\t\t\t\t\t\t\t\t<span class=\"qodef-e-icon\"><\/span>\n\t\t\t\t\t\t\t\t<span class=\"qodef-e-text\">Ka\u017cde kolejne uj\u0119cie 40z\u0142<\/span>\n\t\t\t<\/li>\n\t\t\t<\/ul>\n\t\t\t\t\t<\/div>\n<\/div>\n\t\t\t\t<\/div>\n\t\t\t\t<\/div>\n\t\t\t\t\t<\/div>\n\t\t<\/div>\n\t\t\t\t<div class=\"elementor-column elementor-col-50 elementor-inner-column elementor-element elementor-element-f2456b0\" data-id=\"f2456b0\" data-element_type=\"column\" data-e-type=\"column\">\n\t\t\t<div class=\"elementor-widget-wrap elementor-element-populated\">\n\t\t\t\t\t\t<div class=\"elementor-element elementor-element-0a2bb1f elementor-widget elementor-widget-qi_addons_for_elementor_pricing_table\" data-id=\"0a2bb1f\" data-element_type=\"widget\" data-e-type=\"widget\" data-widget_type=\"qi_addons_for_elementor_pricing_table.default\">\n\t\t\t\t<div class=\"elementor-widget-container\">\n\t\t\t\t\t<div class=\"qodef-shortcode qodef-m qodef-qi-pricing-table qodef-layout--standard qodef-status--regular qodef-list-style--inside qodef-list-type--unordered qodef-label-type--ribbon qodef-period--side\">\n\t<div class=\"qodef-m-inner\">\n\t\t\t<h4 class=\"qodef-m-title\">\n\t\tPakiet III\t<\/h4>\n\t\t\t<div class=\"qodef-m-price\">\n\t\t<div class=\"qodef-m-price-wrapper qodef-h1\">\n\t\t\t\t\t\t\t<span class=\"qodef-m-price-currency\">z\u0142<\/span>\n\t\t\t\t\t\t<span class=\"qodef-m-price-value\">900<\/span>\n\t\t<\/div>\n\t\t\t<\/div>\n\t\t\t\t\t<ul class=\"qodef-m-content\">\n\t\t\t\t\t<li class=\"qodef-e-item\">\n\t\t\t\t\t\t\t\t\t<span class=\"qodef-e-icon\"><\/span>\n\t\t\t\t\t\t\t\t<span class=\"qodef-e-text\">30 zdj\u0119\u0107 w formie elektronicznej<\/span>\n\t\t\t<\/li>\n\t\t\t\t\t<li class=\"qodef-e-item\">\n\t\t\t\t\t\t\t\t\t<span class=\"qodef-e-icon\"><\/span>\n\t\t\t\t\t\t\t\t<span class=\"qodef-e-text\">20 wybranych zdj\u0119\u0107 w formacie 15\u00d723*<\/span>\n\t\t\t<\/li>\n\t\t\t\t\t<li class=\"qodef-e-item\">\n\t\t\t\t\t\t\t\t\t<span class=\"qodef-e-icon\"><\/span>\n\t\t\t\t\t\t\t\t<span class=\"qodef-e-text\">Ka\u017cde kolejne uj\u0119cie 40z\u0142<\/span>\n\t\t\t<\/li>\n\t\t\t<\/ul>\n\t\t\t\t\t<\/div>\n<\/div>\n\t\t\t\t<\/div>\n\t\t\t\t<\/div>\n\t\t\t\t<div class=\"elementor-element elementor-element-1203121 elementor-widget elementor-widget-qi_addons_for_elementor_pricing_table\" data-id=\"1203121\" data-element_type=\"widget\" data-e-type=\"widget\" data-widget_type=\"qi_addons_for_elementor_pricing_table.default\">\n\t\t\t\t<div class=\"elementor-widget-container\">\n\t\t\t\t\t<div class=\"qodef-shortcode qodef-m qodef-qi-pricing-table qodef-layout--standard qodef-status--regular qodef-list-style--inside qodef-list-type--unordered qodef-label-type--ribbon qodef-period--side\">\n\t<div class=\"qodef-m-inner\">\n\t\t\t<h4 class=\"qodef-m-title\">\n\t\tPakiet IV\t<\/h4>\n\t\t\t<div class=\"qodef-m-price\">\n\t\t<div class=\"qodef-m-price-wrapper qodef-h1\">\n\t\t\t\t\t\t\t<span class=\"qodef-m-price-currency\">z\u0142<\/span>\n\t\t\t\t\t\t<span class=\"qodef-m-price-value\">1200<\/span>\n\t\t<\/div>\n\t\t\t<\/div>\n\t\t\t\t\t<ul class=\"qodef-m-content\">\n\t\t\t\t\t<li class=\"qodef-e-item\">\n\t\t\t\t\t\t\t\t\t<span class=\"qodef-e-icon\"><\/span>\n\t\t\t\t\t\t\t\t<span class=\"qodef-e-text\">35 zdj\u0119\u0107 w formie elektronicznej<\/span>\n\t\t\t<\/li>\n\t\t\t\t\t<li class=\"qodef-e-item\">\n\t\t\t\t\t\t\t\t\t<span class=\"qodef-e-icon\"><\/span>\n\t\t\t\t\t\t\t\t<span class=\"qodef-e-text\">25 wybranych zdj\u0119\u0107 w formacie 15\u00d723*<\/span>\n\t\t\t<\/li>\n\t\t\t\t\t<li class=\"qodef-e-item\">\n\t\t\t\t\t\t\t\t\t<span class=\"qodef-e-icon\"><\/span>\n\t\t\t\t\t\t\t\t<span class=\"qodef-e-text\">Fotoalbum ze zdj\u0119ciami z sesji<\/span>\n\t\t\t<\/li>\n\t\t\t\t\t<li class=\"qodef-e-item\">\n\t\t\t\t\t\t\t\t\t<span class=\"qodef-e-icon\"><\/span>\n\t\t\t\t\t\t\t\t<span class=\"qodef-e-text\">Ka\u017cde kolejne uj\u0119cie 40z\u0142<\/span>\n\t\t\t<\/li>\n\t\t\t<\/ul>\n\t\t\t\t\t<\/div>\n<\/div>\n\t\t\t\t<\/div>\n\t\t\t\t<\/div>\n\t\t\t\t\t<\/div>\n\t\t<\/div>\n\t\t\t\t\t<\/div>\n\t\t<\/section>\n\t\t\t\t<div class=\"elementor-element elementor-element-3f97ae8 elementor-widget elementor-widget-text-editor\" data-id=\"3f97ae8\" data-element_type=\"widget\" data-e-type=\"widget\" data-widget_type=\"text-editor.default\">\n\t\t\t\t<div class=\"elementor-widget-container\">\n\t\t\t\t\t\t\t\t\t<div>Informacje og\u00f3lne:<\/div><div><ul><li>Dojazd na terenie gminy Brzesko wliczony w cen\u0119 (ka\u017cdy kolejny km to 1,20z\u0142)<\/li><li>Nie negocjuj\u0119 cen<\/li><li>Oddaj\u0119 tylko obrobione zdj\u0119cia<\/li><li>Czas oczekiwania wynosi 5 tygodni od momentu wybrania zdj\u0119\u0107<\/li><li>do Pakietu I, II i III mo\u017cna dokupi\u0107 fotoalbum (cena ustalana indywidualnie)<\/li><li>* Zdj\u0119cia w formacie 15&#215;23, to zdj\u0119cia wybrane z puli zdj\u0119\u0107 w formie elektronicznej<\/li><\/ul><\/div>\t\t\t\t\t\t\t\t<\/div>\n\t\t\t\t<\/div>\n\t\t\t\t\t<\/div>\n\t\t<\/div>\n\t\t\t\t\t<\/div>\n\t\t<\/section>\n\t\t\t\t<\/div>\n\t\t","protected":false},"excerpt":{"rendered":"<p>Sesja \u015blubna w plenerze Pakiet I z\u0142 600 20 zdj\u0119\u0107 w formie elektronicznej 10 wybranych zdj\u0119\u0107 w formacie 15\u00d723* Ka\u017cde kolejne uj\u0119cie 40z\u0142 Pakiet II &hellip; <\/p>\n","protected":false},"author":1,"featured_media":0,"parent":22,"menu_order":0,"comment_status":"closed","ping_status":"closed","template":"","meta":{"footnotes":""},"class_list":["post-385","page","type-page","status-publish","hentry","latest_post"],"aioseo_notices":[],"_links":{"self":[{"href":"https:\/\/fot-mk.pl\/index.php\/wp-json\/wp\/v2\/pages\/385","targetHints":{"allow":["GET"]}}],"collection":[{"href":"https:\/\/fot-mk.pl\/index.php\/wp-json\/wp\/v2\/pages"}],"about":[{"href":"https:\/\/fot-mk.pl\/index.php\/wp-json\/wp\/v2\/types\/page"}],"author":[{"embeddable":true,"href":"https:\/\/fot-mk.pl\/index.php\/wp-json\/wp\/v2\/users\/1"}],"replies":[{"embeddable":true,"href":"https:\/\/fot-mk.pl\/index.php\/wp-json\/wp\/v2\/comments?post=385"}],"version-history":[{"count":50,"href":"https:\/\/fot-mk.pl\/index.php\/wp-json\/wp\/v2\/pages\/385\/revisions"}],"predecessor-version":[{"id":11870,"href":"https:\/\/fot-mk.pl\/index.php\/wp-json\/wp\/v2\/pages\/385\/revisions\/11870"}],"up":[{"embeddable":true,"href":"https:\/\/fot-mk.pl\/index.php\/wp-json\/wp\/v2\/pages\/22"}],"wp:attachment":[{"href":"https:\/\/fot-mk.pl\/index.php\/wp-json\/wp\/v2\/media?parent=385"}],"curies":[{"name":"wp","href":"https:\/\/api.w.org\/{rel}","templated":true}]}}