{"id":380,"date":"2022-03-27T22:28:48","date_gmt":"2022-03-27T20:28:48","guid":{"rendered":"https:\/\/fot-mk.pl\/?page_id=380"},"modified":"2026-03-21T18:25:35","modified_gmt":"2026-03-21T17:25:35","slug":"reportaz-okolicznosciowy","status":"publish","type":"page","link":"https:\/\/fot-mk.pl\/index.php\/oferta\/reportaz-okolicznosciowy\/","title":{"rendered":"Reporta\u017c okoliczno\u015bciowy"},"content":{"rendered":"\t\t<div data-elementor-type=\"wp-page\" data-elementor-id=\"380\" class=\"elementor elementor-380\">\n\t\t\t\t\t\t<section class=\"elementor-section elementor-top-section elementor-element elementor-element-855004a elementor-section-boxed elementor-section-height-default elementor-section-height-default\" data-id=\"855004a\" data-element_type=\"section\" data-e-type=\"section\">\n\t\t\t\t\t\t<div class=\"elementor-container elementor-column-gap-default\">\n\t\t\t\t\t<div class=\"elementor-column elementor-col-100 elementor-top-column elementor-element elementor-element-d67321d\" data-id=\"d67321d\" data-element_type=\"column\" data-e-type=\"column\">\n\t\t\t<div class=\"elementor-widget-wrap elementor-element-populated\">\n\t\t\t\t\t\t<div class=\"elementor-element elementor-element-3d7bd8b elementor-widget elementor-widget-heading\" data-id=\"3d7bd8b\" data-element_type=\"widget\" data-e-type=\"widget\" data-widget_type=\"heading.default\">\n\t\t\t\t<div class=\"elementor-widget-container\">\n\t\t\t\t\t<h2 class=\"elementor-heading-title elementor-size-default\">Reporta\u017c okoliczno\u015bciowy<\/h2>\t\t\t\t<\/div>\n\t\t\t\t<\/div>\n\t\t\t\t\t<\/div>\n\t\t<\/div>\n\t\t\t\t\t<\/div>\n\t\t<\/section>\n\t\t\t\t<section class=\"elementor-section elementor-top-section elementor-element elementor-element-d2eda1c elementor-section-boxed elementor-section-height-default elementor-section-height-default\" data-id=\"d2eda1c\" data-element_type=\"section\" data-e-type=\"section\">\n\t\t\t\t\t\t<div class=\"elementor-container elementor-column-gap-default\">\n\t\t\t\t\t<div class=\"elementor-column elementor-col-100 elementor-top-column elementor-element elementor-element-0a2fd0e\" data-id=\"0a2fd0e\" data-element_type=\"column\" data-e-type=\"column\">\n\t\t\t<div class=\"elementor-widget-wrap elementor-element-populated\">\n\t\t\t\t\t\t<section class=\"elementor-section elementor-inner-section elementor-element elementor-element-63f72bd elementor-section-boxed elementor-section-height-default elementor-section-height-default\" data-id=\"63f72bd\" data-element_type=\"section\" data-e-type=\"section\">\n\t\t\t\t\t\t<div class=\"elementor-container elementor-column-gap-default\">\n\t\t\t\t\t<div class=\"elementor-column elementor-col-50 elementor-inner-column elementor-element elementor-element-5825ed1\" data-id=\"5825ed1\" data-element_type=\"column\" data-e-type=\"column\">\n\t\t\t<div class=\"elementor-widget-wrap elementor-element-populated\">\n\t\t\t\t\t\t<div class=\"elementor-element elementor-element-6df35c1 elementor-widget elementor-widget-qi_addons_for_elementor_pricing_table\" data-id=\"6df35c1\" data-element_type=\"widget\" data-e-type=\"widget\" data-widget_type=\"qi_addons_for_elementor_pricing_table.default\">\n\t\t\t\t<div class=\"elementor-widget-container\">\n\t\t\t\t\t<div class=\"qodef-shortcode qodef-m qodef-qi-pricing-table qodef-layout--standard qodef-status--regular qodef-list-style--inside qodef-list-type--unordered qodef-label-type--ribbon qodef-period--side\">\n\t<div class=\"qodef-m-inner\">\n\t\t\t<h4 class=\"qodef-m-title\">\n\t\tPakiet I\t<\/h4>\n\t\t\t<div class=\"qodef-m-price\">\n\t\t<div class=\"qodef-m-price-wrapper qodef-h1\">\n\t\t\t\t\t\t\t<span class=\"qodef-m-price-currency\">z\u0142<\/span>\n\t\t\t\t\t\t<span class=\"qodef-m-price-value\">600<\/span>\n\t\t<\/div>\n\t\t\t<\/div>\n\t\t\t\t\t<ul class=\"qodef-m-content\">\n\t\t\t\t\t<li class=\"qodef-e-item\">\n\t\t\t\t\t\t\t\t\t<span class=\"qodef-e-icon\"><\/span>\n\t\t\t\t\t\t\t\t<span class=\"qodef-e-text\">50 zdj\u0119\u0107 w formie elektronicznej<\/span>\n\t\t\t<\/li>\n\t\t\t\t\t<li class=\"qodef-e-item\">\n\t\t\t\t\t\t\t\t\t<span class=\"qodef-e-icon\"><\/span>\n\t\t\t\t\t\t\t\t<span class=\"qodef-e-text\">20 wybranych zdj\u0119\u0107 w formacie 15\u00d723*<\/span>\n\t\t\t<\/li>\n\t\t\t\t\t<li class=\"qodef-e-item\">\n\t\t\t\t\t\t\t\t\t<span class=\"qodef-e-icon\"><\/span>\n\t\t\t\t\t\t\t\t<span class=\"qodef-e-text\">Ka\u017cde kolejne uj\u0119cie 15z\u0142<\/span>\n\t\t\t<\/li>\n\t\t\t<\/ul>\n\t\t\t\t\t<\/div>\n<\/div>\n\t\t\t\t<\/div>\n\t\t\t\t<\/div>\n\t\t\t\t<div class=\"elementor-element elementor-element-a807386 elementor-widget elementor-widget-qi_addons_for_elementor_pricing_table\" data-id=\"a807386\" data-element_type=\"widget\" data-e-type=\"widget\" data-widget_type=\"qi_addons_for_elementor_pricing_table.default\">\n\t\t\t\t<div class=\"elementor-widget-container\">\n\t\t\t\t\t<div class=\"qodef-shortcode qodef-m qodef-qi-pricing-table qodef-layout--standard qodef-status--regular qodef-list-style--inside qodef-list-type--unordered qodef-label-type--ribbon qodef-period--side\">\n\t<div class=\"qodef-m-inner\">\n\t\t\t<h4 class=\"qodef-m-title\">\n\t\tPakiet II\t<\/h4>\n\t\t\t<div class=\"qodef-m-price\">\n\t\t<div class=\"qodef-m-price-wrapper qodef-h1\">\n\t\t\t\t\t\t\t<span class=\"qodef-m-price-currency\">z\u0142<\/span>\n\t\t\t\t\t\t<span class=\"qodef-m-price-value\">700<\/span>\n\t\t<\/div>\n\t\t\t<\/div>\n\t\t\t\t\t<ul class=\"qodef-m-content\">\n\t\t\t\t\t<li class=\"qodef-e-item\">\n\t\t\t\t\t\t\t\t\t<span class=\"qodef-e-icon\"><\/span>\n\t\t\t\t\t\t\t\t<span class=\"qodef-e-text\">65 zdj\u0119\u0107 w formie elektronicznej<\/span>\n\t\t\t<\/li>\n\t\t\t\t\t<li class=\"qodef-e-item\">\n\t\t\t\t\t\t\t\t\t<span class=\"qodef-e-icon\"><\/span>\n\t\t\t\t\t\t\t\t<span class=\"qodef-e-text\">25 wybranych zdj\u0119\u0107 w formacie 15\u00d723*<\/span>\n\t\t\t<\/li>\n\t\t\t\t\t<li class=\"qodef-e-item\">\n\t\t\t\t\t\t\t\t\t<span class=\"qodef-e-icon\"><\/span>\n\t\t\t\t\t\t\t\t<span class=\"qodef-e-text\">Ka\u017cde kolejne uj\u0119cie 15z\u0142<\/span>\n\t\t\t<\/li>\n\t\t\t<\/ul>\n\t\t\t\t\t<\/div>\n<\/div>\n\t\t\t\t<\/div>\n\t\t\t\t<\/div>\n\t\t\t\t\t<\/div>\n\t\t<\/div>\n\t\t\t\t<div class=\"elementor-column elementor-col-50 elementor-inner-column elementor-element elementor-element-e39216e\" data-id=\"e39216e\" data-element_type=\"column\" data-e-type=\"column\">\n\t\t\t<div class=\"elementor-widget-wrap elementor-element-populated\">\n\t\t\t\t\t\t<div class=\"elementor-element elementor-element-0656818 elementor-widget elementor-widget-qi_addons_for_elementor_pricing_table\" data-id=\"0656818\" data-element_type=\"widget\" data-e-type=\"widget\" data-widget_type=\"qi_addons_for_elementor_pricing_table.default\">\n\t\t\t\t<div class=\"elementor-widget-container\">\n\t\t\t\t\t<div class=\"qodef-shortcode qodef-m qodef-qi-pricing-table qodef-layout--standard qodef-status--regular qodef-list-style--inside qodef-list-type--unordered qodef-label-type--ribbon qodef-period--side\">\n\t<div class=\"qodef-m-inner\">\n\t\t\t<h4 class=\"qodef-m-title\">\n\t\tPakiet III\t<\/h4>\n\t\t\t<div class=\"qodef-m-price\">\n\t\t<div class=\"qodef-m-price-wrapper qodef-h1\">\n\t\t\t\t\t\t\t<span class=\"qodef-m-price-currency\">z\u0142<\/span>\n\t\t\t\t\t\t<span class=\"qodef-m-price-value\">800<\/span>\n\t\t<\/div>\n\t\t\t<\/div>\n\t\t\t\t\t<ul class=\"qodef-m-content\">\n\t\t\t\t\t<li class=\"qodef-e-item\">\n\t\t\t\t\t\t\t\t\t<span class=\"qodef-e-icon\"><\/span>\n\t\t\t\t\t\t\t\t<span class=\"qodef-e-text\">80 zdj\u0119\u0107 w formie elektronicznej<\/span>\n\t\t\t<\/li>\n\t\t\t\t\t<li class=\"qodef-e-item\">\n\t\t\t\t\t\t\t\t\t<span class=\"qodef-e-icon\"><\/span>\n\t\t\t\t\t\t\t\t<span class=\"qodef-e-text\">30 wybranych zdj\u0119\u0107 w formacie 15\u00d723*<\/span>\n\t\t\t<\/li>\n\t\t\t\t\t<li class=\"qodef-e-item\">\n\t\t\t\t\t\t\t\t\t<span class=\"qodef-e-icon\"><\/span>\n\t\t\t\t\t\t\t\t<span class=\"qodef-e-text\">Ka\u017cde kolejne uj\u0119cie 15z\u0142<\/span>\n\t\t\t<\/li>\n\t\t\t<\/ul>\n\t\t\t\t\t<\/div>\n<\/div>\n\t\t\t\t<\/div>\n\t\t\t\t<\/div>\n\t\t\t\t<div class=\"elementor-element elementor-element-3cc6b20 elementor-widget elementor-widget-qi_addons_for_elementor_pricing_table\" data-id=\"3cc6b20\" data-element_type=\"widget\" data-e-type=\"widget\" data-widget_type=\"qi_addons_for_elementor_pricing_table.default\">\n\t\t\t\t<div class=\"elementor-widget-container\">\n\t\t\t\t\t<div class=\"qodef-shortcode qodef-m qodef-qi-pricing-table qodef-layout--standard qodef-status--regular qodef-list-style--inside qodef-list-type--unordered qodef-label-type--ribbon qodef-period--side\">\n\t<div class=\"qodef-m-inner\">\n\t\t\t<h4 class=\"qodef-m-title\">\n\t\tPakiet IV\t<\/h4>\n\t\t\t<div class=\"qodef-m-price\">\n\t\t<div class=\"qodef-m-price-wrapper qodef-h1\">\n\t\t\t\t\t\t\t<span class=\"qodef-m-price-currency\">z\u0142<\/span>\n\t\t\t\t\t\t<span class=\"qodef-m-price-value\">1100<\/span>\n\t\t<\/div>\n\t\t\t<\/div>\n\t\t\t\t\t<ul class=\"qodef-m-content\">\n\t\t\t\t\t<li class=\"qodef-e-item\">\n\t\t\t\t\t\t\t\t\t<span class=\"qodef-e-icon\"><\/span>\n\t\t\t\t\t\t\t\t<span class=\"qodef-e-text\">100 zdj\u0119\u0107 w formie elektronicznej<\/span>\n\t\t\t<\/li>\n\t\t\t\t\t<li class=\"qodef-e-item\">\n\t\t\t\t\t\t\t\t\t<span class=\"qodef-e-icon\"><\/span>\n\t\t\t\t\t\t\t\t<span class=\"qodef-e-text\">30 wybranych zdj\u0119\u0107 w formacie 15\u00d723*<\/span>\n\t\t\t<\/li>\n\t\t\t\t\t<li class=\"qodef-e-item\">\n\t\t\t\t\t\t\t\t\t<span class=\"qodef-e-icon\"><\/span>\n\t\t\t\t\t\t\t\t<span class=\"qodef-e-text\">Fotoalbum 20x20 (10 stron)<\/span>\n\t\t\t<\/li>\n\t\t\t\t\t<li class=\"qodef-e-item\">\n\t\t\t\t\t\t\t\t\t<span class=\"qodef-e-icon\"><\/span>\n\t\t\t\t\t\t\t\t<span class=\"qodef-e-text\">Ka\u017cde kolejne uj\u0119cie 15z\u0142<\/span>\n\t\t\t<\/li>\n\t\t\t<\/ul>\n\t\t\t\t\t<\/div>\n<\/div>\n\t\t\t\t<\/div>\n\t\t\t\t<\/div>\n\t\t\t\t\t<\/div>\n\t\t<\/div>\n\t\t\t\t\t<\/div>\n\t\t<\/section>\n\t\t\t\t\t<\/div>\n\t\t<\/div>\n\t\t\t\t\t<\/div>\n\t\t<\/section>\n\t\t\t\t<section class=\"elementor-section elementor-top-section elementor-element elementor-element-1e74275 elementor-section-boxed elementor-section-height-default elementor-section-height-default\" data-id=\"1e74275\" data-element_type=\"section\" data-e-type=\"section\">\n\t\t\t\t\t\t<div class=\"elementor-container elementor-column-gap-default\">\n\t\t\t\t\t<div class=\"elementor-column elementor-col-100 elementor-top-column elementor-element elementor-element-ad9037f\" data-id=\"ad9037f\" data-element_type=\"column\" data-e-type=\"column\">\n\t\t\t<div class=\"elementor-widget-wrap elementor-element-populated\">\n\t\t\t\t\t\t<div class=\"elementor-element elementor-element-7b85346 elementor-widget elementor-widget-text-editor\" data-id=\"7b85346\" data-element_type=\"widget\" data-e-type=\"widget\" data-widget_type=\"text-editor.default\">\n\t\t\t\t<div class=\"elementor-widget-container\">\n\t\t\t\t\t\t\t\t\t<div>Reporta\u017c okoliczno\u015bciowy:<\/div>\n<div>&#8211; z komunii (w tym plener, wykonany w dniu komunii lub innym terminie)<\/div>\n<div>&#8211; chrztu<br>&#8211; urodzin<br>&#8211; imprez firmowych<br>&#8211; wieczoru panie\u0144skiego<br>&#8211; rocznicy \u015blubu<\/div>\n<div>&nbsp;<\/div>\n<div>W przypadku chrztu Pakiet I, Pakiet II, Pakiet III obejmuje:<\/div>\n<div>&#8211; reporta\u017c z ceremonii<br>&#8211; przygotowania w domu przed msz\u0105 LUB reporta\u017c z przyj\u0119cia (do wyboru). Je\u015bli chcieliby Pa\u0144stwo to i to, wtedy do ka\u017cdego pakietu nale\u017cy doliczy\u0107 100z\u0142.<br>&#8211; zdj\u0119cia grupowe przed ko\u015bcio\u0142em<\/div>\n<div>&nbsp;<\/div>\n<div>\n<p>Pakiet IV obejmuje:<\/p>\n<p>&#8211; przygotowania w domu przed msz\u0105<br>&#8211; reporta\u017c z ceremonii<br>&#8211; zdj\u0119cia grupowe przed ko\u015bcio\u0142em<br>&#8211; reporta\u017c z przyj\u0119cia<\/p>\n<\/div>\n<div>&nbsp;<\/div>\n<div><p>Informacje og\u00f3lne:<\/p>\n<\/div>\n<div>\n<ul>\n<li>Dojazd na terenie gminy Brzesko wliczony w cen\u0119 (ka\u017cdy kolejny km to 1,20z\u0142)<\/li>\n\n<li>Nie negocjuj\u0119 cen<\/li>\n<li>Oddaj\u0119 tylko obrobione zdj\u0119cia<\/li>\n<li>do Pakietu I, II i III mo\u017cna dokupi\u0107 fotoalbum (cena ustalana indywidualnie)<\/li>\n<li>Reporta\u017c obejmuje max. 3h fotografowania. Ka\u017cda kolejna godzina to koszt 100z\u0142.<\/li><li>* Zdj\u0119cia w formacie 15&#215;23, to zdj\u0119cia wybrane z puli zdj\u0119\u0107 w formie elektronicznej<\/li>\n<\/ul>\n<\/div>\t\t\t\t\t\t\t\t<\/div>\n\t\t\t\t<\/div>\n\t\t\t\t\t<\/div>\n\t\t<\/div>\n\t\t\t\t\t<\/div>\n\t\t<\/section>\n\t\t\t\t<\/div>\n\t\t","protected":false},"excerpt":{"rendered":"<p>Reporta\u017c okoliczno\u015bciowy Pakiet I z\u0142 600 50 zdj\u0119\u0107 w formie elektronicznej 20 wybranych zdj\u0119\u0107 w formacie 15\u00d723* Ka\u017cde kolejne uj\u0119cie 15z\u0142 Pakiet II z\u0142 700 &hellip; <\/p>\n","protected":false},"author":1,"featured_media":0,"parent":22,"menu_order":0,"comment_status":"closed","ping_status":"closed","template":"","meta":{"footnotes":""},"class_list":["post-380","page","type-page","status-publish","hentry","latest_post"],"aioseo_notices":[],"_links":{"self":[{"href":"https:\/\/fot-mk.pl\/index.php\/wp-json\/wp\/v2\/pages\/380","targetHints":{"allow":["GET"]}}],"collection":[{"href":"https:\/\/fot-mk.pl\/index.php\/wp-json\/wp\/v2\/pages"}],"about":[{"href":"https:\/\/fot-mk.pl\/index.php\/wp-json\/wp\/v2\/types\/page"}],"author":[{"embeddable":true,"href":"https:\/\/fot-mk.pl\/index.php\/wp-json\/wp\/v2\/users\/1"}],"replies":[{"embeddable":true,"href":"https:\/\/fot-mk.pl\/index.php\/wp-json\/wp\/v2\/comments?post=380"}],"version-history":[{"count":133,"href":"https:\/\/fot-mk.pl\/index.php\/wp-json\/wp\/v2\/pages\/380\/revisions"}],"predecessor-version":[{"id":20976,"href":"https:\/\/fot-mk.pl\/index.php\/wp-json\/wp\/v2\/pages\/380\/revisions\/20976"}],"up":[{"embeddable":true,"href":"https:\/\/fot-mk.pl\/index.php\/wp-json\/wp\/v2\/pages\/22"}],"wp:attachment":[{"href":"https:\/\/fot-mk.pl\/index.php\/wp-json\/wp\/v2\/media?parent=380"}],"curies":[{"name":"wp","href":"https:\/\/api.w.org\/{rel}","templated":true}]}}