{"id":22,"date":"2022-01-06T02:32:47","date_gmt":"2022-01-06T01:32:47","guid":{"rendered":"http:\/\/192.168.18.50:81\/?page_id=22"},"modified":"2025-09-14T18:49:02","modified_gmt":"2025-09-14T16:49:02","slug":"oferta","status":"publish","type":"page","link":"https:\/\/fot-mk.pl\/index.php\/oferta\/","title":{"rendered":"Oferta"},"content":{"rendered":"\t\t<div data-elementor-type=\"wp-page\" data-elementor-id=\"22\" class=\"elementor elementor-22\">\n\t\t\t\t\t\t<section class=\"elementor-section elementor-top-section elementor-element elementor-element-bdea3cd elementor-section-boxed elementor-section-height-default elementor-section-height-default\" data-id=\"bdea3cd\" data-element_type=\"section\" data-e-type=\"section\">\n\t\t\t\t\t\t<div class=\"elementor-container elementor-column-gap-default\">\n\t\t\t\t\t<div class=\"elementor-column elementor-col-50 elementor-top-column elementor-element elementor-element-717d7d4\" data-id=\"717d7d4\" data-element_type=\"column\" data-e-type=\"column\">\n\t\t\t<div class=\"elementor-widget-wrap elementor-element-populated\">\n\t\t\t\t\t\t<div class=\"elementor-element elementor-element-17b3faa elementor-widget elementor-widget-qi_addons_for_elementor_interactive_banner\" data-id=\"17b3faa\" data-element_type=\"widget\" data-e-type=\"widget\" data-settings=\"{&quot;_animation&quot;:&quot;none&quot;}\" data-widget_type=\"qi_addons_for_elementor_interactive_banner.default\">\n\t\t\t\t<div class=\"elementor-widget-container\">\n\t\t\t\t\t<div class=\"qodef-shortcode qodef-m qodef-qi-interactive-banner qodef-layout--from-bottom qodef--overlay\">\n\t<div class=\"qodef-m-image\">\n\t<img fetchpriority=\"high\" decoding=\"async\" width=\"1200\" height=\"800\" src=\"https:\/\/fot-mk.pl\/wp-content\/uploads\/2025\/09\/Kamila-Lawenda25-43.jpg\" class=\"attachment-full size-full\" alt=\"\" srcset=\"https:\/\/fot-mk.pl\/wp-content\/uploads\/2025\/09\/Kamila-Lawenda25-43.jpg 1200w, https:\/\/fot-mk.pl\/wp-content\/uploads\/2025\/09\/Kamila-Lawenda25-43-300x200.jpg 300w, https:\/\/fot-mk.pl\/wp-content\/uploads\/2025\/09\/Kamila-Lawenda25-43-1024x683.jpg 1024w, https:\/\/fot-mk.pl\/wp-content\/uploads\/2025\/09\/Kamila-Lawenda25-43-768x512.jpg 768w, https:\/\/fot-mk.pl\/wp-content\/uploads\/2025\/09\/Kamila-Lawenda25-43-90x60.jpg 90w, https:\/\/fot-mk.pl\/wp-content\/uploads\/2025\/09\/Kamila-Lawenda25-43-420x280.jpg 420w\" sizes=\"(max-width: 1200px) 100vw, 1200px\" \/><\/div>\n\t<div class=\"qodef-m-content\">\n\t\t<a itemprop=\"url\" href=\"https:\/\/fot-mk.pl\/index.php\/oferta\/sesja-plenerowa\" class=\"qodef-m-banner-link\" target=\"_self\"><\/a>\n\t\t<div class=\"qodef-m-content-inner\">\n\t\t\t<div class=\"qodef-m-movement\">\n\t\t\t\t\t\t\t\t\t<h3 class=\"qodef-m-title\">\n\t\tSesja zdj\u0119ciowa plenerowa lub ministudio\t<\/h3>\n\t\t\t\t<div class=\"qodef-m-text-holder\">\n\t\t\t\t\t\t\t\t\t\t\t\t\t\t<\/div>\n\t\t\t\t<a itemprop=\"url\" href=\"https:\/\/fot-mk.pl\/index.php\/oferta\/sesja-plenerowa\" class=\"qodef-m-banner-link\" target=\"_self\"><\/a>\n\t\t\t<\/div>\n\t\t<\/div>\n\t<\/div>\n<\/div>\n\t\t\t\t<\/div>\n\t\t\t\t<\/div>\n\t\t\t\t\t<\/div>\n\t\t<\/div>\n\t\t\t\t<div class=\"elementor-column elementor-col-50 elementor-top-column elementor-element elementor-element-242fcac\" data-id=\"242fcac\" data-element_type=\"column\" data-e-type=\"column\">\n\t\t\t<div class=\"elementor-widget-wrap elementor-element-populated\">\n\t\t\t\t\t\t<div class=\"elementor-element elementor-element-a9263ed elementor-widget elementor-widget-qi_addons_for_elementor_interactive_banner\" data-id=\"a9263ed\" data-element_type=\"widget\" data-e-type=\"widget\" data-settings=\"{&quot;_animation&quot;:&quot;none&quot;}\" data-widget_type=\"qi_addons_for_elementor_interactive_banner.default\">\n\t\t\t\t<div class=\"elementor-widget-container\">\n\t\t\t\t\t<div class=\"qodef-shortcode qodef-m qodef-qi-interactive-banner qodef-layout--from-bottom qodef--overlay\">\n\t<div class=\"qodef-m-image\">\n\t<img decoding=\"async\" width=\"1200\" height=\"800\" src=\"https:\/\/fot-mk.pl\/wp-content\/uploads\/Oferta\/49.jpg\" class=\"attachment-full size-full\" alt=\"\" srcset=\"https:\/\/fot-mk.pl\/wp-content\/uploads\/Oferta\/49.jpg 1200w, https:\/\/fot-mk.pl\/wp-content\/uploads\/Oferta\/49-300x200.jpg 300w, https:\/\/fot-mk.pl\/wp-content\/uploads\/Oferta\/49-1024x683.jpg 1024w, https:\/\/fot-mk.pl\/wp-content\/uploads\/Oferta\/49-768x512.jpg 768w, https:\/\/fot-mk.pl\/wp-content\/uploads\/Oferta\/49-90x60.jpg 90w, https:\/\/fot-mk.pl\/wp-content\/uploads\/Oferta\/49-420x280.jpg 420w, https:\/\/fot-mk.pl\/wp-content\/uploads\/Oferta\/49-400x267.jpg 400w, https:\/\/fot-mk.pl\/wp-content\/uploads\/Oferta\/49-1000x667.jpg 1000w\" sizes=\"(max-width: 1200px) 100vw, 1200px\" \/><\/div>\n\t<div class=\"qodef-m-content\">\n\t\t<a itemprop=\"url\" href=\"https:\/\/fot-mk.pl\/index.php\/oferta\/reportaz-okolicznosciowy\/\" class=\"qodef-m-banner-link\" target=\"_self\"><\/a>\n\t\t<div class=\"qodef-m-content-inner\">\n\t\t\t<div class=\"qodef-m-movement\">\n\t\t\t\t\t\t\t\t\t<h3 class=\"qodef-m-title\">\n\t\tFotoreporta\u017c okoliczno\u015bciowy\t<\/h3>\n\t\t\t\t<div class=\"qodef-m-text-holder\">\n\t\t\t\t\t\t\t\t\t\t\t\t\t\t<\/div>\n\t\t\t\t<a itemprop=\"url\" href=\"https:\/\/fot-mk.pl\/index.php\/oferta\/reportaz-okolicznosciowy\/\" class=\"qodef-m-banner-link\" target=\"_self\"><\/a>\n\t\t\t<\/div>\n\t\t<\/div>\n\t<\/div>\n<\/div>\n\t\t\t\t<\/div>\n\t\t\t\t<\/div>\n\t\t\t\t\t<\/div>\n\t\t<\/div>\n\t\t\t\t\t<\/div>\n\t\t<\/section>\n\t\t\t\t<section class=\"elementor-section elementor-top-section elementor-element elementor-element-0723eb5 elementor-section-boxed elementor-section-height-default elementor-section-height-default\" data-id=\"0723eb5\" data-element_type=\"section\" data-e-type=\"section\">\n\t\t\t\t\t\t<div class=\"elementor-container elementor-column-gap-default\">\n\t\t\t\t\t<div class=\"elementor-column elementor-col-50 elementor-top-column elementor-element elementor-element-5bcecee\" data-id=\"5bcecee\" data-element_type=\"column\" data-e-type=\"column\">\n\t\t\t<div class=\"elementor-widget-wrap elementor-element-populated\">\n\t\t\t\t\t\t<div class=\"elementor-element elementor-element-2d8f140 elementor-invisible elementor-widget elementor-widget-qi_addons_for_elementor_interactive_banner\" data-id=\"2d8f140\" data-element_type=\"widget\" data-e-type=\"widget\" data-settings=\"{&quot;_animation&quot;:&quot;slideInDown&quot;}\" data-widget_type=\"qi_addons_for_elementor_interactive_banner.default\">\n\t\t\t\t<div class=\"elementor-widget-container\">\n\t\t\t\t\t<div class=\"qodef-shortcode qodef-m qodef-qi-interactive-banner qodef-layout--from-bottom qodef--overlay\">\n\t<div class=\"qodef-m-image\">\n\t<img decoding=\"async\" width=\"1200\" height=\"800\" src=\"https:\/\/fot-mk.pl\/wp-content\/uploads\/2025\/09\/240831-SLU-612.jpg\" class=\"attachment-full size-full\" alt=\"\" srcset=\"https:\/\/fot-mk.pl\/wp-content\/uploads\/2025\/09\/240831-SLU-612.jpg 1200w, https:\/\/fot-mk.pl\/wp-content\/uploads\/2025\/09\/240831-SLU-612-300x200.jpg 300w, https:\/\/fot-mk.pl\/wp-content\/uploads\/2025\/09\/240831-SLU-612-1024x683.jpg 1024w, https:\/\/fot-mk.pl\/wp-content\/uploads\/2025\/09\/240831-SLU-612-768x512.jpg 768w, https:\/\/fot-mk.pl\/wp-content\/uploads\/2025\/09\/240831-SLU-612-90x60.jpg 90w, https:\/\/fot-mk.pl\/wp-content\/uploads\/2025\/09\/240831-SLU-612-420x280.jpg 420w\" sizes=\"(max-width: 1200px) 100vw, 1200px\" \/><\/div>\n\t<div class=\"qodef-m-content\">\n\t\t<a itemprop=\"url\" href=\"https:\/\/fot-mk.pl\/index.php\/oferta\/sesja-slubna-w-plenerze\" class=\"qodef-m-banner-link\" target=\"_self\"><\/a>\n\t\t<div class=\"qodef-m-content-inner\">\n\t\t\t<div class=\"qodef-m-movement\">\n\t\t\t\t\t\t\t\t\t<h3 class=\"qodef-m-title\">\n\t\tSesja zdj\u0119ciowa \u015blubna w plenerze\t<\/h3>\n\t\t\t\t<div class=\"qodef-m-text-holder\">\n\t\t\t\t\t\t\t\t\t\t\t\t\t\t<\/div>\n\t\t\t\t<a itemprop=\"url\" href=\"https:\/\/fot-mk.pl\/index.php\/oferta\/sesja-slubna-w-plenerze\" class=\"qodef-m-banner-link\" target=\"_self\"><\/a>\n\t\t\t<\/div>\n\t\t<\/div>\n\t<\/div>\n<\/div>\n\t\t\t\t<\/div>\n\t\t\t\t<\/div>\n\t\t\t\t\t<\/div>\n\t\t<\/div>\n\t\t\t\t<div class=\"elementor-column elementor-col-50 elementor-top-column elementor-element elementor-element-5b8a653\" data-id=\"5b8a653\" data-element_type=\"column\" data-e-type=\"column\">\n\t\t\t<div class=\"elementor-widget-wrap elementor-element-populated\">\n\t\t\t\t\t\t<div class=\"elementor-element elementor-element-e481814 elementor-invisible elementor-widget elementor-widget-qi_addons_for_elementor_interactive_banner\" data-id=\"e481814\" data-element_type=\"widget\" data-e-type=\"widget\" data-settings=\"{&quot;_animation&quot;:&quot;slideInDown&quot;}\" data-widget_type=\"qi_addons_for_elementor_interactive_banner.default\">\n\t\t\t\t<div class=\"elementor-widget-container\">\n\t\t\t\t\t<div class=\"qodef-shortcode qodef-m qodef-qi-interactive-banner qodef-layout--from-bottom qodef--overlay\">\n\t<div class=\"qodef-m-image\">\n\t<img loading=\"lazy\" decoding=\"async\" width=\"1200\" height=\"800\" src=\"https:\/\/fot-mk.pl\/wp-content\/uploads\/2025\/09\/240831-SLU-85BW.jpg\" class=\"attachment-full size-full\" alt=\"\" srcset=\"https:\/\/fot-mk.pl\/wp-content\/uploads\/2025\/09\/240831-SLU-85BW.jpg 1200w, https:\/\/fot-mk.pl\/wp-content\/uploads\/2025\/09\/240831-SLU-85BW-300x200.jpg 300w, https:\/\/fot-mk.pl\/wp-content\/uploads\/2025\/09\/240831-SLU-85BW-1024x683.jpg 1024w, https:\/\/fot-mk.pl\/wp-content\/uploads\/2025\/09\/240831-SLU-85BW-768x512.jpg 768w, https:\/\/fot-mk.pl\/wp-content\/uploads\/2025\/09\/240831-SLU-85BW-90x60.jpg 90w, https:\/\/fot-mk.pl\/wp-content\/uploads\/2025\/09\/240831-SLU-85BW-420x280.jpg 420w\" sizes=\"(max-width: 1200px) 100vw, 1200px\" \/><\/div>\n\t<div class=\"qodef-m-content\">\n\t\t<a itemprop=\"url\" href=\"https:\/\/fot-mk.pl\/index.php\/oferta\/reportaz-slubny\/\" class=\"qodef-m-banner-link\" target=\"_self\"><\/a>\n\t\t<div class=\"qodef-m-content-inner\">\n\t\t\t<div class=\"qodef-m-movement\">\n\t\t\t\t\t\t\t\t\t<h3 class=\"qodef-m-title\">\n\t\tFotorepota\u017c \u015blubny\t<\/h3>\n\t\t\t\t<div class=\"qodef-m-text-holder\">\n\t\t\t\t\t\t\t\t\t\t\t\t\t\t<\/div>\n\t\t\t\t<a itemprop=\"url\" href=\"https:\/\/fot-mk.pl\/index.php\/oferta\/reportaz-slubny\/\" class=\"qodef-m-banner-link\" target=\"_self\"><\/a>\n\t\t\t<\/div>\n\t\t<\/div>\n\t<\/div>\n<\/div>\n\t\t\t\t<\/div>\n\t\t\t\t<\/div>\n\t\t\t\t\t<\/div>\n\t\t<\/div>\n\t\t\t\t\t<\/div>\n\t\t<\/section>\n\t\t\t\t<\/div>\n\t\t","protected":false},"excerpt":{"rendered":"<p>Sesja zdj\u0119ciowa plenerowa lub ministudio Fotoreporta\u017c okoliczno\u015bciowy Sesja zdj\u0119ciowa \u015blubna w plenerze Fotorepota\u017c \u015blubny<\/p>\n","protected":false},"author":1,"featured_media":0,"parent":0,"menu_order":0,"comment_status":"closed","ping_status":"closed","template":"","meta":{"footnotes":""},"class_list":["post-22","page","type-page","status-publish","hentry","latest_post"],"aioseo_notices":[],"_links":{"self":[{"href":"https:\/\/fot-mk.pl\/index.php\/wp-json\/wp\/v2\/pages\/22","targetHints":{"allow":["GET"]}}],"collection":[{"href":"https:\/\/fot-mk.pl\/index.php\/wp-json\/wp\/v2\/pages"}],"about":[{"href":"https:\/\/fot-mk.pl\/index.php\/wp-json\/wp\/v2\/types\/page"}],"author":[{"embeddable":true,"href":"https:\/\/fot-mk.pl\/index.php\/wp-json\/wp\/v2\/users\/1"}],"replies":[{"embeddable":true,"href":"https:\/\/fot-mk.pl\/index.php\/wp-json\/wp\/v2\/comments?post=22"}],"version-history":[{"count":122,"href":"https:\/\/fot-mk.pl\/index.php\/wp-json\/wp\/v2\/pages\/22\/revisions"}],"predecessor-version":[{"id":16647,"href":"https:\/\/fot-mk.pl\/index.php\/wp-json\/wp\/v2\/pages\/22\/revisions\/16647"}],"wp:attachment":[{"href":"https:\/\/fot-mk.pl\/index.php\/wp-json\/wp\/v2\/media?parent=22"}],"curies":[{"name":"wp","href":"https:\/\/api.w.org\/{rel}","templated":true}]}}