{"id":18,"date":"2022-01-06T02:27:09","date_gmt":"2022-01-06T01:27:09","guid":{"rendered":"http:\/\/192.168.18.50:81\/?page_id=18"},"modified":"2022-04-04T20:59:21","modified_gmt":"2022-04-04T18:59:21","slug":"o-mnie","status":"publish","type":"page","link":"https:\/\/fot-mk.pl\/index.php\/o-mnie\/","title":{"rendered":"O mnie"},"content":{"rendered":"\t\t<div data-elementor-type=\"wp-page\" data-elementor-id=\"18\" class=\"elementor elementor-18\">\n\t\t\t\t\t\t<section class=\"elementor-section elementor-top-section elementor-element elementor-element-31c2e59a elementor-section-boxed elementor-section-height-default elementor-section-height-default\" data-id=\"31c2e59a\" data-element_type=\"section\" data-e-type=\"section\">\n\t\t\t\t\t\t<div class=\"elementor-container elementor-column-gap-default\">\n\t\t\t\t\t<div class=\"elementor-column elementor-col-100 elementor-top-column elementor-element elementor-element-6b4e9a42\" data-id=\"6b4e9a42\" data-element_type=\"column\" data-e-type=\"column\">\n\t\t\t<div class=\"elementor-widget-wrap elementor-element-populated\">\n\t\t\t\t\t\t<div class=\"elementor-element elementor-element-498745a4 elementor-widget elementor-widget-text-editor\" data-id=\"498745a4\" data-element_type=\"widget\" data-e-type=\"widget\" data-widget_type=\"text-editor.default\">\n\t\t\t\t<div class=\"elementor-widget-container\">\n\t\t\t\t\t\t\t\t\t\n<p>\u201eKiedy \u015bwiat pyta\u201d, jak to by\u0142o? \u201eTylko fotograf mo\u017ce powiedzie\u0107: \u201eZobacz!\u201d<br \/>\u2013 Mark Denman<\/p>\n<hr class=\"wp-block-separator has-text-color has-background has-black-background-color has-black-color is-style-wide\" \/>\n<p>Witam!<\/p>\n\n<p><br \/>Nazywam si\u0119 Katarzyna M\u0142ynarczyk. Swoj\u0105 przygod\u0119 z fotografi\u0105 zacz\u0119\u0142am wiele lat temu. Zazwyczaj fotografowa\u0142am do tzw. szuflady. Postanowi\u0142am jednak to zmieni\u0107 i aktualnie zajmuj\u0119 si\u0119 fotografi\u0105 \u201ena powa\u017cnie\u201d.<\/p>\n\n<p>Zrobi\u0119 dla Ciebie pi\u0119kne zdj\u0119cia plenerowe. G\u0142\u00f3wnie zajmuj\u0119 si\u0119 fotografi\u0105 rodzinn\u0105, ci\u0105\u017cow\u0105, dzieci, par, kobiec\u0105. Wykonuj\u0119 tak\u017ce w plenerze \u015blubne sesje zdj\u0119ciowe oraz reporta\u017ce z wa\u017cnych uroczysto\u015bci rodzinnych. Do ka\u017cdej sesji mo\u017ce zosta\u0107 wykonany profesjonalny makija\u017c.<\/p>\n\n<p>Prywatnie jestem \u017con\u0105 i mam\u0105. M\u00f3j czas dziel\u0119 pomi\u0119dzy fotografi\u0105, a innymi obowi\u0105zkami. Fotografia to moja wielka pasja. To, \u017ce jestem aktualnie w tym miejscu, zawdzi\u0119czam mojemu m\u0119\u017cowi. To on trzyma\u0142 za mnie kciuki i wspiera\u0142 mnie w tym, co robi\u0119.<\/p>\n\n<p>Zapraszam do zapoznania si\u0119 z moj\u0105 ofert\u0105!<\/p>\n\n<p>\u00a0<\/p>\n\t\t\t\t\t\t\t\t<\/div>\n\t\t\t\t<\/div>\n\t\t\t\t\t<\/div>\n\t\t<\/div>\n\t\t\t\t\t<\/div>\n\t\t<\/section>\n\t\t\t\t<\/div>\n\t\t","protected":false},"excerpt":{"rendered":"<p>\u201eKiedy \u015bwiat pyta\u201d, jak to by\u0142o? \u201eTylko fotograf mo\u017ce powiedzie\u0107: \u201eZobacz!\u201d\u2013 Mark Denman Witam! Nazywam si\u0119 Katarzyna M\u0142ynarczyk. Swoj\u0105 przygod\u0119 z fotografi\u0105 zacz\u0119\u0142am wiele lat &hellip; <\/p>\n","protected":false},"author":1,"featured_media":0,"parent":0,"menu_order":0,"comment_status":"closed","ping_status":"closed","template":"","meta":{"footnotes":""},"class_list":["post-18","page","type-page","status-publish","hentry","latest_post"],"aioseo_notices":[],"_links":{"self":[{"href":"https:\/\/fot-mk.pl\/index.php\/wp-json\/wp\/v2\/pages\/18","targetHints":{"allow":["GET"]}}],"collection":[{"href":"https:\/\/fot-mk.pl\/index.php\/wp-json\/wp\/v2\/pages"}],"about":[{"href":"https:\/\/fot-mk.pl\/index.php\/wp-json\/wp\/v2\/types\/page"}],"author":[{"embeddable":true,"href":"https:\/\/fot-mk.pl\/index.php\/wp-json\/wp\/v2\/users\/1"}],"replies":[{"embeddable":true,"href":"https:\/\/fot-mk.pl\/index.php\/wp-json\/wp\/v2\/comments?post=18"}],"version-history":[{"count":15,"href":"https:\/\/fot-mk.pl\/index.php\/wp-json\/wp\/v2\/pages\/18\/revisions"}],"predecessor-version":[{"id":876,"href":"https:\/\/fot-mk.pl\/index.php\/wp-json\/wp\/v2\/pages\/18\/revisions\/876"}],"wp:attachment":[{"href":"https:\/\/fot-mk.pl\/index.php\/wp-json\/wp\/v2\/media?parent=18"}],"curies":[{"name":"wp","href":"https:\/\/api.w.org\/{rel}","templated":true}]}}